{"id":1459,"date":"2022-05-24T16:11:21","date_gmt":"2022-05-24T16:11:21","guid":{"rendered":"https:\/\/chirp.srgry.com\/maritimo\/articulos-de-maritime-insight\/"},"modified":"2022-05-24T16:11:21","modified_gmt":"2022-05-24T16:11:21","slug":"articulos-de-maritime-insight","status":"publish","type":"page","link":"https:\/\/chirp.co.uk\/es\/maritime\/articulos-de-maritime-insight\/","title":{"rendered":"Art\u00edculos de Maritime Insight"},"content":{"rendered":"","protected":false},"excerpt":{"rendered":"","protected":false},"author":6,"featured_media":0,"parent":1320,"menu_order":7,"comment_status":"closed","ping_status":"closed","template":"template-insights.php","meta":{"_acf_changed":false,"CBBTypography":[],"_monsterinsights_skip_tracking":false,"_monsterinsights_sitenote_active":false,"_monsterinsights_sitenote_note":"","_monsterinsights_sitenote_category":0,"footnotes":""},"sector":[298],"class_list":["post-1459","page","type-page","status-publish","hentry","sector-maritime-es-2"],"acf":[],"mb":[],"yoast_head":"<!-- This site is optimized with the Yoast SEO plugin v27.0 - https:\/\/yoast.com\/product\/yoast-seo-wordpress\/ -->\n<title>Art\u00edculos de Maritime Insight - CHIRP<\/title>\n<meta name=\"description\" content=\"Informaci\u00f3n detallada sobre temas clave de seguridad mar\u00edtima. De inter\u00e9s para cualquier marinero, en cualquier parte del mundo. Gratuitamente.\" \/>\n<meta name=\"robots\" content=\"index, follow, max-snippet:-1, max-image-preview:large, max-video-preview:-1\" \/>\n<link rel=\"canonical\" href=\"https:\/\/chirp.co.uk\/es\/maritime\/articulos-de-maritime-insight\/\" \/>\n<meta property=\"og:locale\" content=\"es_ES\" \/>\n<meta property=\"og:type\" content=\"article\" \/>\n<meta property=\"og:title\" content=\"Art\u00edculos de Maritime Insight - CHIRP\" \/>\n<meta property=\"og:description\" content=\"Informaci\u00f3n detallada sobre temas clave de seguridad mar\u00edtima. De inter\u00e9s para cualquier marinero, en cualquier parte del mundo. Gratuitamente.\" \/>\n<meta property=\"og:url\" content=\"https:\/\/chirp.co.uk\/es\/maritime\/articulos-de-maritime-insight\/\" \/>\n<meta property=\"og:site_name\" content=\"CHIRP\" \/>\n<meta name=\"twitter:card\" content=\"summary_large_image\" \/>\n<script type=\"application\/ld+json\" class=\"yoast-schema-graph\">{\"@context\":\"https:\/\/schema.org\",\"@graph\":[{\"@type\":\"WebPage\",\"@id\":\"https:\/\/chirp.co.uk\/es\/maritime\/articulos-de-maritime-insight\/\",\"url\":\"https:\/\/chirp.co.uk\/es\/maritime\/articulos-de-maritime-insight\/\",\"name\":\"Art\u00edculos de Maritime Insight - CHIRP\",\"isPartOf\":{\"@id\":\"https:\/\/chirp.co.uk\/es\/#website\"},\"datePublished\":\"2022-05-24T16:11:21+00:00\",\"description\":\"Informaci\u00f3n detallada sobre temas clave de seguridad mar\u00edtima. De inter\u00e9s para cualquier marinero, en cualquier parte del mundo. Gratuitamente.\",\"breadcrumb\":{\"@id\":\"https:\/\/chirp.co.uk\/es\/maritime\/articulos-de-maritime-insight\/#breadcrumb\"},\"inLanguage\":\"es-ES\",\"potentialAction\":[{\"@type\":\"ReadAction\",\"target\":[\"https:\/\/chirp.co.uk\/es\/maritime\/articulos-de-maritime-insight\/\"]}]},{\"@type\":\"BreadcrumbList\",\"@id\":\"https:\/\/chirp.co.uk\/es\/maritime\/articulos-de-maritime-insight\/#breadcrumb\",\"itemListElement\":[{\"@type\":\"ListItem\",\"position\":1,\"name\":\"Home\",\"item\":\"https:\/\/chirp.co.uk\/es\/\"},{\"@type\":\"ListItem\",\"position\":2,\"name\":\"Mar\u00edtimo\",\"item\":\"https:\/\/chirp.co.uk\/es\/maritime\/\"},{\"@type\":\"ListItem\",\"position\":3,\"name\":\"Art\u00edculos de Maritime Insight\"}]},{\"@type\":\"WebSite\",\"@id\":\"https:\/\/chirp.co.uk\/es\/#website\",\"url\":\"https:\/\/chirp.co.uk\/es\/\",\"name\":\"CHIRP\",\"description\":\"Confidential Human Factors Incident Reporting Programme\",\"publisher\":{\"@id\":\"https:\/\/chirp.co.uk\/es\/#organization\"},\"potentialAction\":[{\"@type\":\"SearchAction\",\"target\":{\"@type\":\"EntryPoint\",\"urlTemplate\":\"https:\/\/chirp.co.uk\/es\/?s={search_term_string}\"},\"query-input\":{\"@type\":\"PropertyValueSpecification\",\"valueRequired\":true,\"valueName\":\"search_term_string\"}}],\"inLanguage\":\"es-ES\"},{\"@type\":\"Organization\",\"@id\":\"https:\/\/chirp.co.uk\/es\/#organization\",\"name\":\"CHIRP\",\"url\":\"https:\/\/chirp.co.uk\/es\/\",\"logo\":{\"@type\":\"ImageObject\",\"inLanguage\":\"es-ES\",\"@id\":\"https:\/\/chirp.co.uk\/es\/#\/schema\/logo\/image\/\",\"url\":\"https:\/\/chirp.co.uk\/app\/uploads\/2024\/07\/chirp-logo-blue.svg\",\"contentUrl\":\"https:\/\/chirp.co.uk\/app\/uploads\/2024\/07\/chirp-logo-blue.svg\",\"caption\":\"CHIRP\"},\"image\":{\"@id\":\"https:\/\/chirp.co.uk\/es\/#\/schema\/logo\/image\/\"}}]}<\/script>\n<!-- \/ Yoast SEO plugin. -->","yoast_head_json":{"title":"Art\u00edculos de Maritime Insight - CHIRP","description":"Informaci\u00f3n detallada sobre temas clave de seguridad mar\u00edtima. De inter\u00e9s para cualquier marinero, en cualquier parte del mundo. Gratuitamente.","robots":{"index":"index","follow":"follow","max-snippet":"max-snippet:-1","max-image-preview":"max-image-preview:large","max-video-preview":"max-video-preview:-1"},"canonical":"https:\/\/chirp.co.uk\/es\/maritime\/articulos-de-maritime-insight\/","og_locale":"es_ES","og_type":"article","og_title":"Art\u00edculos de Maritime Insight - CHIRP","og_description":"Informaci\u00f3n detallada sobre temas clave de seguridad mar\u00edtima. De inter\u00e9s para cualquier marinero, en cualquier parte del mundo. Gratuitamente.","og_url":"https:\/\/chirp.co.uk\/es\/maritime\/articulos-de-maritime-insight\/","og_site_name":"CHIRP","twitter_card":"summary_large_image","schema":{"@context":"https:\/\/schema.org","@graph":[{"@type":"WebPage","@id":"https:\/\/chirp.co.uk\/es\/maritime\/articulos-de-maritime-insight\/","url":"https:\/\/chirp.co.uk\/es\/maritime\/articulos-de-maritime-insight\/","name":"Art\u00edculos de Maritime Insight - CHIRP","isPartOf":{"@id":"https:\/\/chirp.co.uk\/es\/#website"},"datePublished":"2022-05-24T16:11:21+00:00","description":"Informaci\u00f3n detallada sobre temas clave de seguridad mar\u00edtima. De inter\u00e9s para cualquier marinero, en cualquier parte del mundo. Gratuitamente.","breadcrumb":{"@id":"https:\/\/chirp.co.uk\/es\/maritime\/articulos-de-maritime-insight\/#breadcrumb"},"inLanguage":"es-ES","potentialAction":[{"@type":"ReadAction","target":["https:\/\/chirp.co.uk\/es\/maritime\/articulos-de-maritime-insight\/"]}]},{"@type":"BreadcrumbList","@id":"https:\/\/chirp.co.uk\/es\/maritime\/articulos-de-maritime-insight\/#breadcrumb","itemListElement":[{"@type":"ListItem","position":1,"name":"Home","item":"https:\/\/chirp.co.uk\/es\/"},{"@type":"ListItem","position":2,"name":"Mar\u00edtimo","item":"https:\/\/chirp.co.uk\/es\/maritime\/"},{"@type":"ListItem","position":3,"name":"Art\u00edculos de Maritime Insight"}]},{"@type":"WebSite","@id":"https:\/\/chirp.co.uk\/es\/#website","url":"https:\/\/chirp.co.uk\/es\/","name":"CHIRP","description":"Confidential Human Factors Incident Reporting Programme","publisher":{"@id":"https:\/\/chirp.co.uk\/es\/#organization"},"potentialAction":[{"@type":"SearchAction","target":{"@type":"EntryPoint","urlTemplate":"https:\/\/chirp.co.uk\/es\/?s={search_term_string}"},"query-input":{"@type":"PropertyValueSpecification","valueRequired":true,"valueName":"search_term_string"}}],"inLanguage":"es-ES"},{"@type":"Organization","@id":"https:\/\/chirp.co.uk\/es\/#organization","name":"CHIRP","url":"https:\/\/chirp.co.uk\/es\/","logo":{"@type":"ImageObject","inLanguage":"es-ES","@id":"https:\/\/chirp.co.uk\/es\/#\/schema\/logo\/image\/","url":"https:\/\/chirp.co.uk\/app\/uploads\/2024\/07\/chirp-logo-blue.svg","contentUrl":"https:\/\/chirp.co.uk\/app\/uploads\/2024\/07\/chirp-logo-blue.svg","caption":"CHIRP"},"image":{"@id":"https:\/\/chirp.co.uk\/es\/#\/schema\/logo\/image\/"}}]}},"wpml_current_locale":"es_ES","wpml_translations":[],"mfb_rest_fields":["title","yoast_head","yoast_head_json","wpml_current_locale","wpml_translations"],"_links":{"self":[{"href":"https:\/\/chirp.co.uk\/es\/wp-json\/wp\/v2\/pages\/1459","targetHints":{"allow":["GET"]}}],"collection":[{"href":"https:\/\/chirp.co.uk\/es\/wp-json\/wp\/v2\/pages"}],"about":[{"href":"https:\/\/chirp.co.uk\/es\/wp-json\/wp\/v2\/types\/page"}],"author":[{"embeddable":true,"href":"https:\/\/chirp.co.uk\/es\/wp-json\/wp\/v2\/users\/6"}],"replies":[{"embeddable":true,"href":"https:\/\/chirp.co.uk\/es\/wp-json\/wp\/v2\/comments?post=1459"}],"version-history":[{"count":0,"href":"https:\/\/chirp.co.uk\/es\/wp-json\/wp\/v2\/pages\/1459\/revisions"}],"up":[{"embeddable":true,"href":"https:\/\/chirp.co.uk\/es\/wp-json\/wp\/v2\/pages\/1320"}],"wp:attachment":[{"href":"https:\/\/chirp.co.uk\/es\/wp-json\/wp\/v2\/media?parent=1459"}],"wp:term":[{"taxonomy":"sector","embeddable":true,"href":"https:\/\/chirp.co.uk\/es\/wp-json\/wp\/v2\/sector?post=1459"}],"curies":[{"name":"wp","href":"https:\/\/api.w.org\/{rel}","templated":true}]}}