{"id":1481,"date":"2022-04-04T10:44:37","date_gmt":"2022-04-04T09:44:37","guid":{"rendered":"https:\/\/chirp.srgry.com\/maritimo\/embajadores\/"},"modified":"2022-06-22T09:48:17","modified_gmt":"2022-06-22T09:48:17","slug":"embajadores","status":"publish","type":"page","link":"https:\/\/chirp.co.uk\/es\/maritime\/embajadores\/","title":{"rendered":"Embajadores"},"content":{"rendered":"\n<p>Hay embajadores mar\u00edtimos de CHIRP en muchos pa\u00edses. Sensibilizan sobre nuestro programa de notificaci\u00f3n de incidentes y alientan a la gente de mar a presentar informes si tienen un problema de seguridad.<\/p>\n\n<p>Nuestros embajadores construyen r\u00e1pidamente una gran red de contactos mar\u00edtimos y obtienen una amplia visi\u00f3n de los problemas de seguridad. Tambi\u00e9n desarrollan una comprensi\u00f3n profunda de las &#8220;mejores pr\u00e1cticas&#8221; de seguridad mar\u00edtima.<\/p>\n\n<p>Si <strong>est\u00e1 <\/strong>interesado en convertirse en embajador, \u00a1cont\u00e1ctenos en <a href=\"mailto:mail@chirp.co.uk\">mail@chirp.co.uk<\/a>! Queremos hacer crecer nuestra red de embajadores, especialmente en los pa\u00edses que actualmente se muestran en azul en el mapa.<\/p>\n\n<figure class=\"wp-block-image size-large is-resized is-style-default\" id=\"Ambassador-locations-by-country\"><img loading=\"lazy\" decoding=\"async\" src=\"https:\/\/chirp.srgry.com\/app\/uploads\/2022\/06\/Ambassador-location-map-1024x576.png\" alt=\"Mapa que muestra las ubicaciones de los pa&#xED;ses de los embajadores de CHIRP. Los pa&#xED;ses sombreados en naranja (sombreado m&#xE1;s oscuro) indican las ubicaciones de los embajadores.\" class=\"wp-image-1115\" width=\"1024\" height=\"576\" srcset=\"https:\/\/chirp.co.uk\/app\/uploads\/2022\/06\/Ambassador-location-map-1024x576.png 1024w, https:\/\/chirp.co.uk\/app\/uploads\/2022\/06\/Ambassador-location-map-300x169.png 300w, https:\/\/chirp.co.uk\/app\/uploads\/2022\/06\/Ambassador-location-map-768x432.png 768w, https:\/\/chirp.co.uk\/app\/uploads\/2022\/06\/Ambassador-location-map-710x400.png 710w, https:\/\/chirp.co.uk\/app\/uploads\/2022\/06\/Ambassador-location-map.png 1152w\" sizes=\"auto, (max-width: 1024px) 100vw, 1024px\" \/><figcaption>Mapa que muestra las ubicaciones de los pa\u00edses (naranja) de los embajadores de CHIRP<\/figcaption><\/figure>\n","protected":false},"excerpt":{"rendered":"<p>Hay embajadores mar\u00edtimos de CHIRP en muchos pa\u00edses. Sensibilizan sobre nuestro programa de notificaci\u00f3n de incidentes y alientan a la gente de mar a presentar informes si tienen un problema de seguridad. Nuestros embajadores construyen r\u00e1pidamente una gran red de contactos mar\u00edtimos y obtienen una amplia visi\u00f3n de los problemas de seguridad. Tambi\u00e9n desarrollan una [&hellip;]<\/p>\n","protected":false},"author":1,"featured_media":0,"parent":1320,"menu_order":4,"comment_status":"closed","ping_status":"closed","template":"wp-custom-template-maritime","meta":{"_acf_changed":false,"CBBTypography":[],"_monsterinsights_skip_tracking":false,"_monsterinsights_sitenote_active":false,"_monsterinsights_sitenote_note":"","_monsterinsights_sitenote_category":0,"footnotes":""},"sector":[298],"class_list":["post-1481","page","type-page","status-publish","hentry","sector-maritime-es-2"],"acf":[],"mb":[],"yoast_head":"<!-- This site is optimized with the Yoast SEO plugin v27.0 - https:\/\/yoast.com\/product\/yoast-seo-wordpress\/ -->\n<title>Embajadores - CHIRP<\/title>\n<meta name=\"description\" content=\"Los embajadores de CHIRP promueven nuestro programa de notificaci\u00f3n de incidentes para ayudarnos a mejorar la seguridad mar\u00edtima en el mar en todo el mundo #maririmesafety\" \/>\n<meta name=\"robots\" content=\"index, follow, max-snippet:-1, max-image-preview:large, max-video-preview:-1\" \/>\n<link rel=\"canonical\" href=\"https:\/\/chirp.co.uk\/es\/maritime\/embajadores\/\" \/>\n<meta property=\"og:locale\" content=\"es_ES\" \/>\n<meta property=\"og:type\" content=\"article\" \/>\n<meta property=\"og:title\" content=\"Embajadores - CHIRP\" \/>\n<meta property=\"og:description\" content=\"Los embajadores de CHIRP promueven nuestro programa de notificaci\u00f3n de incidentes para ayudarnos a mejorar la seguridad mar\u00edtima en el mar en todo el mundo #maririmesafety\" \/>\n<meta property=\"og:url\" content=\"https:\/\/chirp.co.uk\/es\/maritime\/embajadores\/\" \/>\n<meta property=\"og:site_name\" content=\"CHIRP\" \/>\n<meta property=\"article:modified_time\" content=\"2022-06-22T09:48:17+00:00\" \/>\n<meta property=\"og:image\" content=\"https:\/\/chirp.srgry.com\/app\/uploads\/2022\/06\/Ambassador-location-map-1024x576.png\" \/>\n<meta name=\"twitter:card\" content=\"summary_large_image\" \/>\n<meta name=\"twitter:label1\" content=\"Est. reading time\" \/>\n\t<meta name=\"twitter:data1\" content=\"1 minute\" \/>\n<script type=\"application\/ld+json\" class=\"yoast-schema-graph\">{\"@context\":\"https:\/\/schema.org\",\"@graph\":[{\"@type\":\"WebPage\",\"@id\":\"https:\/\/chirp.co.uk\/es\/maritime\/embajadores\/\",\"url\":\"https:\/\/chirp.co.uk\/es\/maritime\/embajadores\/\",\"name\":\"Embajadores - CHIRP\",\"isPartOf\":{\"@id\":\"https:\/\/chirp.co.uk\/es\/#website\"},\"primaryImageOfPage\":{\"@id\":\"https:\/\/chirp.co.uk\/es\/maritime\/embajadores\/#primaryimage\"},\"image\":{\"@id\":\"https:\/\/chirp.co.uk\/es\/maritime\/embajadores\/#primaryimage\"},\"thumbnailUrl\":\"https:\/\/chirp.srgry.com\/app\/uploads\/2022\/06\/Ambassador-location-map-1024x576.png\",\"datePublished\":\"2022-04-04T09:44:37+00:00\",\"dateModified\":\"2022-06-22T09:48:17+00:00\",\"description\":\"Los embajadores de CHIRP promueven nuestro programa de notificaci\u00f3n de incidentes para ayudarnos a mejorar la seguridad mar\u00edtima en el mar en todo el mundo #maririmesafety\",\"breadcrumb\":{\"@id\":\"https:\/\/chirp.co.uk\/es\/maritime\/embajadores\/#breadcrumb\"},\"inLanguage\":\"es-ES\",\"potentialAction\":[{\"@type\":\"ReadAction\",\"target\":[\"https:\/\/chirp.co.uk\/es\/maritime\/embajadores\/\"]}]},{\"@type\":\"ImageObject\",\"inLanguage\":\"es-ES\",\"@id\":\"https:\/\/chirp.co.uk\/es\/maritime\/embajadores\/#primaryimage\",\"url\":\"https:\/\/chirp.srgry.com\/app\/uploads\/2022\/06\/Ambassador-location-map-1024x576.png\",\"contentUrl\":\"https:\/\/chirp.srgry.com\/app\/uploads\/2022\/06\/Ambassador-location-map-1024x576.png\"},{\"@type\":\"BreadcrumbList\",\"@id\":\"https:\/\/chirp.co.uk\/es\/maritime\/embajadores\/#breadcrumb\",\"itemListElement\":[{\"@type\":\"ListItem\",\"position\":1,\"name\":\"Home\",\"item\":\"https:\/\/chirp.co.uk\/es\/\"},{\"@type\":\"ListItem\",\"position\":2,\"name\":\"Mar\u00edtimo\",\"item\":\"https:\/\/chirp.co.uk\/es\/maritime\/\"},{\"@type\":\"ListItem\",\"position\":3,\"name\":\"Embajadores\"}]},{\"@type\":\"WebSite\",\"@id\":\"https:\/\/chirp.co.uk\/es\/#website\",\"url\":\"https:\/\/chirp.co.uk\/es\/\",\"name\":\"CHIRP\",\"description\":\"Confidential Human Factors Incident Reporting Programme\",\"publisher\":{\"@id\":\"https:\/\/chirp.co.uk\/es\/#organization\"},\"potentialAction\":[{\"@type\":\"SearchAction\",\"target\":{\"@type\":\"EntryPoint\",\"urlTemplate\":\"https:\/\/chirp.co.uk\/es\/?s={search_term_string}\"},\"query-input\":{\"@type\":\"PropertyValueSpecification\",\"valueRequired\":true,\"valueName\":\"search_term_string\"}}],\"inLanguage\":\"es-ES\"},{\"@type\":\"Organization\",\"@id\":\"https:\/\/chirp.co.uk\/es\/#organization\",\"name\":\"CHIRP\",\"url\":\"https:\/\/chirp.co.uk\/es\/\",\"logo\":{\"@type\":\"ImageObject\",\"inLanguage\":\"es-ES\",\"@id\":\"https:\/\/chirp.co.uk\/es\/#\/schema\/logo\/image\/\",\"url\":\"https:\/\/chirp.co.uk\/app\/uploads\/2024\/07\/chirp-logo-blue.svg\",\"contentUrl\":\"https:\/\/chirp.co.uk\/app\/uploads\/2024\/07\/chirp-logo-blue.svg\",\"caption\":\"CHIRP\"},\"image\":{\"@id\":\"https:\/\/chirp.co.uk\/es\/#\/schema\/logo\/image\/\"}}]}<\/script>\n<!-- \/ Yoast SEO plugin. -->","yoast_head_json":{"title":"Embajadores - CHIRP","description":"Los embajadores de CHIRP promueven nuestro programa de notificaci\u00f3n de incidentes para ayudarnos a mejorar la seguridad mar\u00edtima en el mar en todo el mundo #maririmesafety","robots":{"index":"index","follow":"follow","max-snippet":"max-snippet:-1","max-image-preview":"max-image-preview:large","max-video-preview":"max-video-preview:-1"},"canonical":"https:\/\/chirp.co.uk\/es\/maritime\/embajadores\/","og_locale":"es_ES","og_type":"article","og_title":"Embajadores - CHIRP","og_description":"Los embajadores de CHIRP promueven nuestro programa de notificaci\u00f3n de incidentes para ayudarnos a mejorar la seguridad mar\u00edtima en el mar en todo el mundo #maririmesafety","og_url":"https:\/\/chirp.co.uk\/es\/maritime\/embajadores\/","og_site_name":"CHIRP","article_modified_time":"2022-06-22T09:48:17+00:00","og_image":[{"url":"https:\/\/chirp.srgry.com\/app\/uploads\/2022\/06\/Ambassador-location-map-1024x576.png","type":"","width":"","height":""}],"twitter_card":"summary_large_image","twitter_misc":{"Est. reading time":"1 minute"},"schema":{"@context":"https:\/\/schema.org","@graph":[{"@type":"WebPage","@id":"https:\/\/chirp.co.uk\/es\/maritime\/embajadores\/","url":"https:\/\/chirp.co.uk\/es\/maritime\/embajadores\/","name":"Embajadores - CHIRP","isPartOf":{"@id":"https:\/\/chirp.co.uk\/es\/#website"},"primaryImageOfPage":{"@id":"https:\/\/chirp.co.uk\/es\/maritime\/embajadores\/#primaryimage"},"image":{"@id":"https:\/\/chirp.co.uk\/es\/maritime\/embajadores\/#primaryimage"},"thumbnailUrl":"https:\/\/chirp.srgry.com\/app\/uploads\/2022\/06\/Ambassador-location-map-1024x576.png","datePublished":"2022-04-04T09:44:37+00:00","dateModified":"2022-06-22T09:48:17+00:00","description":"Los embajadores de CHIRP promueven nuestro programa de notificaci\u00f3n de incidentes para ayudarnos a mejorar la seguridad mar\u00edtima en el mar en todo el mundo #maririmesafety","breadcrumb":{"@id":"https:\/\/chirp.co.uk\/es\/maritime\/embajadores\/#breadcrumb"},"inLanguage":"es-ES","potentialAction":[{"@type":"ReadAction","target":["https:\/\/chirp.co.uk\/es\/maritime\/embajadores\/"]}]},{"@type":"ImageObject","inLanguage":"es-ES","@id":"https:\/\/chirp.co.uk\/es\/maritime\/embajadores\/#primaryimage","url":"https:\/\/chirp.srgry.com\/app\/uploads\/2022\/06\/Ambassador-location-map-1024x576.png","contentUrl":"https:\/\/chirp.srgry.com\/app\/uploads\/2022\/06\/Ambassador-location-map-1024x576.png"},{"@type":"BreadcrumbList","@id":"https:\/\/chirp.co.uk\/es\/maritime\/embajadores\/#breadcrumb","itemListElement":[{"@type":"ListItem","position":1,"name":"Home","item":"https:\/\/chirp.co.uk\/es\/"},{"@type":"ListItem","position":2,"name":"Mar\u00edtimo","item":"https:\/\/chirp.co.uk\/es\/maritime\/"},{"@type":"ListItem","position":3,"name":"Embajadores"}]},{"@type":"WebSite","@id":"https:\/\/chirp.co.uk\/es\/#website","url":"https:\/\/chirp.co.uk\/es\/","name":"CHIRP","description":"Confidential Human Factors Incident Reporting Programme","publisher":{"@id":"https:\/\/chirp.co.uk\/es\/#organization"},"potentialAction":[{"@type":"SearchAction","target":{"@type":"EntryPoint","urlTemplate":"https:\/\/chirp.co.uk\/es\/?s={search_term_string}"},"query-input":{"@type":"PropertyValueSpecification","valueRequired":true,"valueName":"search_term_string"}}],"inLanguage":"es-ES"},{"@type":"Organization","@id":"https:\/\/chirp.co.uk\/es\/#organization","name":"CHIRP","url":"https:\/\/chirp.co.uk\/es\/","logo":{"@type":"ImageObject","inLanguage":"es-ES","@id":"https:\/\/chirp.co.uk\/es\/#\/schema\/logo\/image\/","url":"https:\/\/chirp.co.uk\/app\/uploads\/2024\/07\/chirp-logo-blue.svg","contentUrl":"https:\/\/chirp.co.uk\/app\/uploads\/2024\/07\/chirp-logo-blue.svg","caption":"CHIRP"},"image":{"@id":"https:\/\/chirp.co.uk\/es\/#\/schema\/logo\/image\/"}}]}},"wpml_current_locale":"es_ES","wpml_translations":[],"mfb_rest_fields":["title","yoast_head","yoast_head_json","wpml_current_locale","wpml_translations"],"_links":{"self":[{"href":"https:\/\/chirp.co.uk\/es\/wp-json\/wp\/v2\/pages\/1481","targetHints":{"allow":["GET"]}}],"collection":[{"href":"https:\/\/chirp.co.uk\/es\/wp-json\/wp\/v2\/pages"}],"about":[{"href":"https:\/\/chirp.co.uk\/es\/wp-json\/wp\/v2\/types\/page"}],"author":[{"embeddable":true,"href":"https:\/\/chirp.co.uk\/es\/wp-json\/wp\/v2\/users\/1"}],"replies":[{"embeddable":true,"href":"https:\/\/chirp.co.uk\/es\/wp-json\/wp\/v2\/comments?post=1481"}],"version-history":[{"count":0,"href":"https:\/\/chirp.co.uk\/es\/wp-json\/wp\/v2\/pages\/1481\/revisions"}],"up":[{"embeddable":true,"href":"https:\/\/chirp.co.uk\/es\/wp-json\/wp\/v2\/pages\/1320"}],"wp:attachment":[{"href":"https:\/\/chirp.co.uk\/es\/wp-json\/wp\/v2\/media?parent=1481"}],"wp:term":[{"taxonomy":"sector","embeddable":true,"href":"https:\/\/chirp.co.uk\/es\/wp-json\/wp\/v2\/sector?post=1481"}],"curies":[{"name":"wp","href":"https:\/\/api.w.org\/{rel}","templated":true}]}}