{"id":1497,"date":"2022-04-04T10:40:20","date_gmt":"2022-04-04T09:40:20","guid":{"rendered":"https:\/\/chirp.srgry.com\/maritimo\/que-hacemos\/"},"modified":"2022-06-22T09:52:42","modified_gmt":"2022-06-22T09:52:42","slug":"que-hacemos","status":"publish","type":"page","link":"https:\/\/chirp.co.uk\/es\/maritime\/que-hacemos\/","title":{"rendered":"Qu\u00e9 hacemos"},"content":{"rendered":"\n<p>El programa independiente y confidencial <em>de informes de <\/em>incidentes y casi accidentes de CHIRP<strong> mejora la seguridad en el mar<\/strong> para los marineros de todo el mundo. Investigamos cada informe y publicamos nuestros hallazgos an\u00f3nimos para crear conciencia sobre los problemas de seguridad.  <\/p>\n\n<p>Damos la bienvenida a los informes relacionados con la seguridad de cualquier parte del mundo y de todas las partes de la industria mar\u00edtima, incluida la gente de mar comercial, los pescadores, los marineros recreativos y de ocio, y cualquier persona que trabaje en un puerto o puerto. Tambi\u00e9n damos la bienvenida a los informes de los miembros del p\u00fablico que utilizan puertos, puertos o transporte mar\u00edtimo (por ejemplo, pasajeros de transbordadores y cruceros).<\/p>\n\n<p><strong>Nunca <\/strong>revelamos las identidades de nuestros reporteros, y tan pronto como se completan nuestras investigaciones, eliminamos permanentemente sus datos personales de nuestra base de datos. Esto significa que puede plantear problemas de seguridad sin temor a que su identidad sea revelada a su grupo de pares, gerentes de l\u00ednea o la empresa para la que trabaja. Sin embargo, normalmente no actuamos sobre informes an\u00f3nimos.<\/p>\n\n<p>  Tenga en cuenta que nuestro programa de notificaci\u00f3n de incidentes es un esquema voluntario. El env\u00edo de un informe a <em>CHIRP<\/em> <strong>no<\/strong> alivia ninguna obligaci\u00f3n legal que pueda imponerse a usted de presentar un informe a las autoridades correspondientes.  <\/p>\n","protected":false},"excerpt":{"rendered":"<p>El programa independiente y confidencial de informes de incidentes y casi accidentes de CHIRP mejora la seguridad en el mar para los marineros de todo el mundo. Investigamos cada informe y publicamos nuestros hallazgos an\u00f3nimos para crear conciencia sobre los problemas de seguridad. Damos la bienvenida a los informes relacionados con la seguridad de cualquier [&hellip;]<\/p>\n","protected":false},"author":1,"featured_media":0,"parent":1320,"menu_order":2,"comment_status":"closed","ping_status":"closed","template":"wp-custom-template-maritime","meta":{"_acf_changed":false,"CBBTypography":[],"_monsterinsights_skip_tracking":false,"_monsterinsights_sitenote_active":false,"_monsterinsights_sitenote_note":"","_monsterinsights_sitenote_category":0,"footnotes":""},"sector":[298],"class_list":["post-1497","page","type-page","status-publish","hentry","sector-maritime-es-2"],"acf":[],"mb":[],"yoast_head":"<!-- This site is optimized with the Yoast SEO plugin v27.0 - https:\/\/yoast.com\/product\/yoast-seo-wordpress\/ -->\n<title>Qu\u00e9 hacemos - CHIRP<\/title>\n<meta name=\"robots\" content=\"index, follow, max-snippet:-1, max-image-preview:large, max-video-preview:-1\" \/>\n<link rel=\"canonical\" href=\"https:\/\/chirp.co.uk\/es\/maritime\/que-hacemos\/\" \/>\n<meta property=\"og:locale\" content=\"es_ES\" \/>\n<meta property=\"og:type\" content=\"article\" \/>\n<meta property=\"og:title\" content=\"Qu\u00e9 hacemos - CHIRP\" \/>\n<meta property=\"og:description\" content=\"El programa independiente y confidencial de informes de incidentes y casi accidentes de CHIRP mejora la seguridad en el mar para los marineros de todo el mundo. Investigamos cada informe y publicamos nuestros hallazgos an\u00f3nimos para crear conciencia sobre los problemas de seguridad. Damos la bienvenida a los informes relacionados con la seguridad de cualquier [&hellip;]\" \/>\n<meta property=\"og:url\" content=\"https:\/\/chirp.co.uk\/es\/maritime\/que-hacemos\/\" \/>\n<meta property=\"og:site_name\" content=\"CHIRP\" \/>\n<meta property=\"article:modified_time\" content=\"2022-06-22T09:52:42+00:00\" \/>\n<meta name=\"twitter:card\" content=\"summary_large_image\" \/>\n<meta name=\"twitter:label1\" content=\"Est. reading time\" \/>\n\t<meta name=\"twitter:data1\" content=\"1 minute\" \/>\n<script type=\"application\/ld+json\" class=\"yoast-schema-graph\">{\"@context\":\"https:\/\/schema.org\",\"@graph\":[{\"@type\":\"WebPage\",\"@id\":\"https:\/\/chirp.co.uk\/es\/maritime\/que-hacemos\/\",\"url\":\"https:\/\/chirp.co.uk\/es\/maritime\/que-hacemos\/\",\"name\":\"Qu\u00e9 hacemos - CHIRP\",\"isPartOf\":{\"@id\":\"https:\/\/chirp.co.uk\/es\/#website\"},\"datePublished\":\"2022-04-04T09:40:20+00:00\",\"dateModified\":\"2022-06-22T09:52:42+00:00\",\"breadcrumb\":{\"@id\":\"https:\/\/chirp.co.uk\/es\/maritime\/que-hacemos\/#breadcrumb\"},\"inLanguage\":\"es-ES\",\"potentialAction\":[{\"@type\":\"ReadAction\",\"target\":[\"https:\/\/chirp.co.uk\/es\/maritime\/que-hacemos\/\"]}]},{\"@type\":\"BreadcrumbList\",\"@id\":\"https:\/\/chirp.co.uk\/es\/maritime\/que-hacemos\/#breadcrumb\",\"itemListElement\":[{\"@type\":\"ListItem\",\"position\":1,\"name\":\"Home\",\"item\":\"https:\/\/chirp.co.uk\/es\/\"},{\"@type\":\"ListItem\",\"position\":2,\"name\":\"Mar\u00edtimo\",\"item\":\"https:\/\/chirp.co.uk\/es\/maritime\/\"},{\"@type\":\"ListItem\",\"position\":3,\"name\":\"Qu\u00e9 hacemos\"}]},{\"@type\":\"WebSite\",\"@id\":\"https:\/\/chirp.co.uk\/es\/#website\",\"url\":\"https:\/\/chirp.co.uk\/es\/\",\"name\":\"CHIRP\",\"description\":\"Confidential Human Factors Incident Reporting Programme\",\"publisher\":{\"@id\":\"https:\/\/chirp.co.uk\/es\/#organization\"},\"potentialAction\":[{\"@type\":\"SearchAction\",\"target\":{\"@type\":\"EntryPoint\",\"urlTemplate\":\"https:\/\/chirp.co.uk\/es\/?s={search_term_string}\"},\"query-input\":{\"@type\":\"PropertyValueSpecification\",\"valueRequired\":true,\"valueName\":\"search_term_string\"}}],\"inLanguage\":\"es-ES\"},{\"@type\":\"Organization\",\"@id\":\"https:\/\/chirp.co.uk\/es\/#organization\",\"name\":\"CHIRP\",\"url\":\"https:\/\/chirp.co.uk\/es\/\",\"logo\":{\"@type\":\"ImageObject\",\"inLanguage\":\"es-ES\",\"@id\":\"https:\/\/chirp.co.uk\/es\/#\/schema\/logo\/image\/\",\"url\":\"https:\/\/chirp.co.uk\/app\/uploads\/2024\/07\/chirp-logo-blue.svg\",\"contentUrl\":\"https:\/\/chirp.co.uk\/app\/uploads\/2024\/07\/chirp-logo-blue.svg\",\"caption\":\"CHIRP\"},\"image\":{\"@id\":\"https:\/\/chirp.co.uk\/es\/#\/schema\/logo\/image\/\"}}]}<\/script>\n<!-- \/ Yoast SEO plugin. -->","yoast_head_json":{"title":"Qu\u00e9 hacemos - CHIRP","robots":{"index":"index","follow":"follow","max-snippet":"max-snippet:-1","max-image-preview":"max-image-preview:large","max-video-preview":"max-video-preview:-1"},"canonical":"https:\/\/chirp.co.uk\/es\/maritime\/que-hacemos\/","og_locale":"es_ES","og_type":"article","og_title":"Qu\u00e9 hacemos - CHIRP","og_description":"El programa independiente y confidencial de informes de incidentes y casi accidentes de CHIRP mejora la seguridad en el mar para los marineros de todo el mundo. Investigamos cada informe y publicamos nuestros hallazgos an\u00f3nimos para crear conciencia sobre los problemas de seguridad. Damos la bienvenida a los informes relacionados con la seguridad de cualquier [&hellip;]","og_url":"https:\/\/chirp.co.uk\/es\/maritime\/que-hacemos\/","og_site_name":"CHIRP","article_modified_time":"2022-06-22T09:52:42+00:00","twitter_card":"summary_large_image","twitter_misc":{"Est. reading time":"1 minute"},"schema":{"@context":"https:\/\/schema.org","@graph":[{"@type":"WebPage","@id":"https:\/\/chirp.co.uk\/es\/maritime\/que-hacemos\/","url":"https:\/\/chirp.co.uk\/es\/maritime\/que-hacemos\/","name":"Qu\u00e9 hacemos - CHIRP","isPartOf":{"@id":"https:\/\/chirp.co.uk\/es\/#website"},"datePublished":"2022-04-04T09:40:20+00:00","dateModified":"2022-06-22T09:52:42+00:00","breadcrumb":{"@id":"https:\/\/chirp.co.uk\/es\/maritime\/que-hacemos\/#breadcrumb"},"inLanguage":"es-ES","potentialAction":[{"@type":"ReadAction","target":["https:\/\/chirp.co.uk\/es\/maritime\/que-hacemos\/"]}]},{"@type":"BreadcrumbList","@id":"https:\/\/chirp.co.uk\/es\/maritime\/que-hacemos\/#breadcrumb","itemListElement":[{"@type":"ListItem","position":1,"name":"Home","item":"https:\/\/chirp.co.uk\/es\/"},{"@type":"ListItem","position":2,"name":"Mar\u00edtimo","item":"https:\/\/chirp.co.uk\/es\/maritime\/"},{"@type":"ListItem","position":3,"name":"Qu\u00e9 hacemos"}]},{"@type":"WebSite","@id":"https:\/\/chirp.co.uk\/es\/#website","url":"https:\/\/chirp.co.uk\/es\/","name":"CHIRP","description":"Confidential Human Factors Incident Reporting Programme","publisher":{"@id":"https:\/\/chirp.co.uk\/es\/#organization"},"potentialAction":[{"@type":"SearchAction","target":{"@type":"EntryPoint","urlTemplate":"https:\/\/chirp.co.uk\/es\/?s={search_term_string}"},"query-input":{"@type":"PropertyValueSpecification","valueRequired":true,"valueName":"search_term_string"}}],"inLanguage":"es-ES"},{"@type":"Organization","@id":"https:\/\/chirp.co.uk\/es\/#organization","name":"CHIRP","url":"https:\/\/chirp.co.uk\/es\/","logo":{"@type":"ImageObject","inLanguage":"es-ES","@id":"https:\/\/chirp.co.uk\/es\/#\/schema\/logo\/image\/","url":"https:\/\/chirp.co.uk\/app\/uploads\/2024\/07\/chirp-logo-blue.svg","contentUrl":"https:\/\/chirp.co.uk\/app\/uploads\/2024\/07\/chirp-logo-blue.svg","caption":"CHIRP"},"image":{"@id":"https:\/\/chirp.co.uk\/es\/#\/schema\/logo\/image\/"}}]}},"wpml_current_locale":"es_ES","wpml_translations":[],"mfb_rest_fields":["title","yoast_head","yoast_head_json","wpml_current_locale","wpml_translations"],"_links":{"self":[{"href":"https:\/\/chirp.co.uk\/es\/wp-json\/wp\/v2\/pages\/1497","targetHints":{"allow":["GET"]}}],"collection":[{"href":"https:\/\/chirp.co.uk\/es\/wp-json\/wp\/v2\/pages"}],"about":[{"href":"https:\/\/chirp.co.uk\/es\/wp-json\/wp\/v2\/types\/page"}],"author":[{"embeddable":true,"href":"https:\/\/chirp.co.uk\/es\/wp-json\/wp\/v2\/users\/1"}],"replies":[{"embeddable":true,"href":"https:\/\/chirp.co.uk\/es\/wp-json\/wp\/v2\/comments?post=1497"}],"version-history":[{"count":0,"href":"https:\/\/chirp.co.uk\/es\/wp-json\/wp\/v2\/pages\/1497\/revisions"}],"up":[{"embeddable":true,"href":"https:\/\/chirp.co.uk\/es\/wp-json\/wp\/v2\/pages\/1320"}],"wp:attachment":[{"href":"https:\/\/chirp.co.uk\/es\/wp-json\/wp\/v2\/media?parent=1497"}],"wp:term":[{"taxonomy":"sector","embeddable":true,"href":"https:\/\/chirp.co.uk\/es\/wp-json\/wp\/v2\/sector?post=1497"}],"curies":[{"name":"wp","href":"https:\/\/api.w.org\/{rel}","templated":true}]}}