{"id":22509,"date":"2024-01-10T09:47:41","date_gmt":"2024-01-10T09:47:41","guid":{"rendered":"https:\/\/chirp.co.uk\/?page_id=22509"},"modified":"2024-08-21T11:07:26","modified_gmt":"2024-08-21T10:07:26","slug":"feedback-newsletters","status":"publish","type":"page","link":"https:\/\/chirp.co.uk\/es\/maritime\/recursos-de-seguridad\/feedback-newsletters\/","title":{"rendered":"COMENTARIOS Boletines"},"content":{"rendered":"\n<p class=\"has-aviation-blue-color has-text-color has-link-color has-medium-large-font-size wp-elements-27e97d5d8838b60694f7f72dccabb6d1\"><strong>Descargue nuestras publicaciones gratuitas, v\u00eddeos y mucho m\u00e1s.\nNuestra amplia biblioteca de recursos de seguridad puede proporcionarle conocimientos y perspectivas sobre los factores humanos y la seguridad en la aviaci\u00f3n y el transporte mar\u00edtimo.\n\u00a1Est\u00e1 un paso m\u00e1s cerca de ayudar a mejorar su cultura de la seguridad!  <\/strong><\/p>\n\n<div class=\"wp-block-boldblocks-group cbb-block is-layout-flow wp-block-boldblocks-group-is-layout-flow\">\n<div class=\"wp-block-group is-layout-flex wp-container-core-group-is-layout-b371d99e wp-block-group-is-layout-flex\">\n<div class=\"wp-block-boldblocks-group cbb-block has-border-color has-maritime-blue-border-color is-layout-flow wp-block-boldblocks-group-is-layout-flow cbb-g-1 sm-cbb-width sm-cbb-height\" style=\"border-width:3px;padding-top:var(--wp--preset--spacing--30);padding-right:var(--wp--preset--spacing--10);padding-bottom:var(--wp--preset--spacing--10);padding-left:var(--wp--preset--spacing--10)\">\n<div class=\"wp-block-group is-vertical is-nowrap is-layout-flex wp-container-core-group-is-layout-bdb40f2b wp-block-group-is-layout-flex\" style=\"min-height:100%\">\n<h3 class=\"wp-block-heading has-maritime-blue-color has-text-color has-link-color wp-elements-1c246f64487475c15744735f3bcf09c4\"><strong>PESCA COMERCIAL<\/strong><\/h3>\n\n\n\n<div class=\"wp-block-group is-content-justification-space-between is-nowrap is-layout-flex wp-container-core-group-is-layout-22a60b39 wp-block-group-is-layout-flex\">\n<figure class=\"wp-block-image size-large is-resized\"><img loading=\"lazy\" decoding=\"async\" width=\"69\" height=\"69\" src=\"https:\/\/chirp.co.uk\/app\/uploads\/2024\/08\/chirp-icon-commercial-fishing.svg\" alt=\"\" class=\"wp-image-28562\" style=\"object-fit:cover;width:70px;height:70px\"\/><\/figure>\n\n\n\n<div class=\"wp-block-buttons is-content-justification-left is-layout-flex wp-container-core-buttons-is-layout-fc4fd283 wp-block-buttons-is-layout-flex\">\n<div class=\"wp-block-button\"><a class=\"wp-block-button__link has-base-2-color has-contrast-background-color has-text-color has-background has-link-color wp-element-button\" href=\"https:\/\/chirp.co.uk\/es\/maritime\/recursos-de-seguridad\/pesca-comercial\/\" style=\"border-radius:100px;padding-top:0.25rem;padding-right:0.75rem;padding-bottom:0.25rem;padding-left:0.75rem\"><strong>Ver todos<\/strong><\/a><\/div>\n<\/div>\n<\/div>\n<\/div>\n<\/div>\n\n\n\n<div class=\"wp-block-boldblocks-group cbb-block has-border-color has-maritime-blue-border-color is-layout-flow wp-block-boldblocks-group-is-layout-flow cbb-g-2 sm-cbb-width sm-cbb-height\" style=\"border-width:3px;padding-top:var(--wp--preset--spacing--30);padding-right:var(--wp--preset--spacing--10);padding-bottom:var(--wp--preset--spacing--10);padding-left:var(--wp--preset--spacing--10)\">\n<div class=\"wp-block-group is-vertical is-nowrap is-layout-flex wp-container-core-group-is-layout-bdb40f2b wp-block-group-is-layout-flex\" style=\"min-height:100%\">\n<h3 class=\"wp-block-heading has-maritime-blue-color has-text-color has-link-color wp-elements-84a7135e00f02a93db6c2bb4920a019e\"><strong>MAR\u00cdTIMO GENERAL<\/strong><\/h3>\n\n\n\n<div class=\"wp-block-group is-content-justification-space-between is-nowrap is-layout-flex wp-container-core-group-is-layout-22a60b39 wp-block-group-is-layout-flex\">\n<figure class=\"wp-block-image size-large is-resized\"><img loading=\"lazy\" decoding=\"async\" width=\"69\" height=\"69\" src=\"https:\/\/chirp.co.uk\/app\/uploads\/2024\/08\/chirp-icon-general-maritime.svg\" alt=\"\" class=\"wp-image-28571\" style=\"object-fit:cover;width:70px;height:70px\"\/><\/figure>\n\n\n\n<div class=\"wp-block-buttons is-content-justification-left is-layout-flex wp-container-core-buttons-is-layout-fc4fd283 wp-block-buttons-is-layout-flex\">\n<div class=\"wp-block-button\"><a class=\"wp-block-button__link has-base-2-color has-contrast-background-color has-text-color has-background has-link-color wp-element-button\" href=\"https:\/\/chirp.co.uk\/es\/maritime\/recursos-de-seguridad\/maritima-general\/\" style=\"border-radius:100px;padding-top:0.25rem;padding-right:0.75rem;padding-bottom:0.25rem;padding-left:0.75rem\"><strong>Ver todos<\/strong><\/a><\/div>\n<\/div>\n<\/div>\n<\/div>\n<\/div>\n\n\n\n<div class=\"wp-block-boldblocks-group cbb-block has-border-color has-maritime-blue-border-color is-layout-flow wp-block-boldblocks-group-is-layout-flow cbb-g-3 sm-cbb-width sm-cbb-height\" style=\"border-width:3px;padding-top:var(--wp--preset--spacing--30);padding-right:var(--wp--preset--spacing--10);padding-bottom:var(--wp--preset--spacing--10);padding-left:var(--wp--preset--spacing--10)\">\n<div class=\"wp-block-group is-vertical is-nowrap is-layout-flex wp-container-core-group-is-layout-bdb40f2b wp-block-group-is-layout-flex\" style=\"min-height:100%\">\n<h3 class=\"wp-block-heading has-maritime-blue-color has-text-color has-link-color wp-elements-d02ea101de9943bb777e4ce4d9cb4161\"><strong>PUERTOS Y D\u00c1RSENAS<\/strong><\/h3>\n\n\n\n<div class=\"wp-block-group is-content-justification-space-between is-nowrap is-layout-flex wp-container-core-group-is-layout-22a60b39 wp-block-group-is-layout-flex\">\n<figure class=\"wp-block-image size-large is-resized\"><img loading=\"lazy\" decoding=\"async\" width=\"69\" height=\"69\" src=\"https:\/\/chirp.co.uk\/app\/uploads\/2024\/08\/chirp-icon-ports-and-harbours.svg\" alt=\"\" class=\"wp-image-28579\" style=\"object-fit:cover;width:70px;height:70px\"\/><\/figure>\n\n\n\n<div class=\"wp-block-buttons is-content-justification-left is-layout-flex wp-container-core-buttons-is-layout-fc4fd283 wp-block-buttons-is-layout-flex\">\n<div class=\"wp-block-button\"><a class=\"wp-block-button__link has-base-2-color has-contrast-background-color has-text-color has-background has-link-color wp-element-button\" href=\"https:\/\/chirp.co.uk\/es\/maritime\/recursos-de-seguridad\/puertos-y-puertos\/\" style=\"border-radius:100px;padding-top:0.25rem;padding-right:0.75rem;padding-bottom:0.25rem;padding-left:0.75rem\"><strong>Ver todos<\/strong><\/a><\/div>\n<\/div>\n<\/div>\n<\/div>\n<\/div>\n\n\n\n<div class=\"wp-block-boldblocks-group cbb-block has-border-color has-maritime-blue-border-color is-layout-flow wp-block-boldblocks-group-is-layout-flow cbb-g-4 sm-cbb-width sm-cbb-height\" style=\"border-width:3px;padding-top:var(--wp--preset--spacing--30);padding-right:var(--wp--preset--spacing--10);padding-bottom:var(--wp--preset--spacing--10);padding-left:var(--wp--preset--spacing--10)\">\n<div class=\"wp-block-group is-vertical is-nowrap is-layout-flex wp-container-core-group-is-layout-bdb40f2b wp-block-group-is-layout-flex\" style=\"min-height:100%\">\n<h3 class=\"wp-block-heading has-maritime-blue-color has-text-color has-link-color wp-elements-f5bdd2cfa699d96fdd6e87ecff09af1e\"><strong>SUPERYACHTS<\/strong><\/h3>\n\n\n\n<div class=\"wp-block-group is-content-justification-space-between is-nowrap is-layout-flex wp-container-core-group-is-layout-22a60b39 wp-block-group-is-layout-flex\">\n<figure class=\"wp-block-image size-large is-resized\"><img loading=\"lazy\" decoding=\"async\" width=\"69\" height=\"69\" src=\"https:\/\/chirp.co.uk\/app\/uploads\/2024\/08\/chirp-icon-superyachts.svg\" alt=\"\" class=\"wp-image-28587\" style=\"object-fit:cover;width:70px;height:70px\"\/><\/figure>\n\n\n\n<div class=\"wp-block-buttons is-content-justification-left is-layout-flex wp-container-core-buttons-is-layout-fc4fd283 wp-block-buttons-is-layout-flex\">\n<div class=\"wp-block-button\"><a class=\"wp-block-button__link has-base-2-color has-contrast-background-color has-text-color has-background has-link-color wp-element-button\" href=\"https:\/\/chirp.co.uk\/maritime\/safety-resources\/\/superyachts\/\" style=\"border-radius:100px;padding-top:0.25rem;padding-right:0.75rem;padding-bottom:0.25rem;padding-left:0.75rem\"><strong>Ver todos<\/strong><\/a><\/div>\n<\/div>\n<\/div>\n<\/div>\n<\/div>\n<\/div>\n<\/div>\n\n<div style=\"height:1rem\" aria-hidden=\"true\" class=\"wp-block-spacer\"><\/div>\n\n<p>Si su inter\u00e9s es mejorar la seguridad, puede reimprimir o reproducir cualquiera de nuestros materiales siempre que cite la fuente.<\/p>\n","protected":false},"excerpt":{"rendered":"<p>Descargue nuestras publicaciones gratuitas, v\u00eddeos y mucho m\u00e1s. Nuestra amplia biblioteca de recursos de seguridad puede proporcionarle conocimientos y perspectivas sobre los factores humanos y la seguridad en la aviaci\u00f3n y el transporte mar\u00edtimo. \u00a1Est\u00e1 un paso m\u00e1s cerca de ayudar a mejorar su cultura de la seguridad! Si su inter\u00e9s es mejorar la seguridad, [&hellip;]<\/p>\n","protected":false},"author":1,"featured_media":0,"parent":27241,"menu_order":0,"comment_status":"closed","ping_status":"closed","template":"wp-custom-template-maritime","meta":{"_acf_changed":false,"CBBTypography":[],"_monsterinsights_skip_tracking":false,"_monsterinsights_sitenote_active":false,"_monsterinsights_sitenote_note":"","_monsterinsights_sitenote_category":0,"footnotes":""},"sector":[298],"class_list":["post-22509","page","type-page","status-publish","hentry","sector-maritime-es-2"],"acf":[],"mb":[],"yoast_head":"<!-- This site is optimized with the Yoast SEO plugin v27.0 - https:\/\/yoast.com\/product\/yoast-seo-wordpress\/ -->\n<title>COMENTARIOS Boletines - CHIRP<\/title>\n<meta name=\"robots\" content=\"index, follow, max-snippet:-1, max-image-preview:large, max-video-preview:-1\" \/>\n<link rel=\"canonical\" href=\"https:\/\/chirp.co.uk\/es\/maritime\/recursos-de-seguridad\/feedback-newsletters\/\" \/>\n<meta property=\"og:locale\" content=\"es_ES\" \/>\n<meta property=\"og:type\" content=\"article\" \/>\n<meta property=\"og:title\" content=\"COMENTARIOS Boletines - CHIRP\" \/>\n<meta property=\"og:description\" content=\"Descargue nuestras publicaciones gratuitas, v\u00eddeos y mucho m\u00e1s. Nuestra amplia biblioteca de recursos de seguridad puede proporcionarle conocimientos y perspectivas sobre los factores humanos y la seguridad en la aviaci\u00f3n y el transporte mar\u00edtimo. \u00a1Est\u00e1 un paso m\u00e1s cerca de ayudar a mejorar su cultura de la seguridad! Si su inter\u00e9s es mejorar la seguridad, [&hellip;]\" \/>\n<meta property=\"og:url\" content=\"https:\/\/chirp.co.uk\/es\/maritime\/recursos-de-seguridad\/feedback-newsletters\/\" \/>\n<meta property=\"og:site_name\" content=\"CHIRP\" \/>\n<meta property=\"article:modified_time\" content=\"2024-08-21T10:07:26+00:00\" \/>\n<meta property=\"og:image\" content=\"https:\/\/chirp.co.uk\/app\/uploads\/2024\/08\/chirp-icon-commercial-fishing.svg\" \/>\n<meta name=\"twitter:card\" content=\"summary_large_image\" \/>\n<script type=\"application\/ld+json\" class=\"yoast-schema-graph\">{\"@context\":\"https:\/\/schema.org\",\"@graph\":[{\"@type\":\"WebPage\",\"@id\":\"https:\/\/chirp.co.uk\/es\/maritime\/recursos-de-seguridad\/feedback-newsletters\/\",\"url\":\"https:\/\/chirp.co.uk\/es\/maritime\/recursos-de-seguridad\/feedback-newsletters\/\",\"name\":\"COMENTARIOS Boletines - CHIRP\",\"isPartOf\":{\"@id\":\"https:\/\/chirp.co.uk\/es\/#website\"},\"primaryImageOfPage\":{\"@id\":\"https:\/\/chirp.co.uk\/es\/maritime\/recursos-de-seguridad\/feedback-newsletters\/#primaryimage\"},\"image\":{\"@id\":\"https:\/\/chirp.co.uk\/es\/maritime\/recursos-de-seguridad\/feedback-newsletters\/#primaryimage\"},\"thumbnailUrl\":\"https:\/\/chirp.co.uk\/app\/uploads\/2024\/08\/chirp-icon-commercial-fishing.svg\",\"datePublished\":\"2024-01-10T09:47:41+00:00\",\"dateModified\":\"2024-08-21T10:07:26+00:00\",\"breadcrumb\":{\"@id\":\"https:\/\/chirp.co.uk\/es\/maritime\/recursos-de-seguridad\/feedback-newsletters\/#breadcrumb\"},\"inLanguage\":\"es-ES\",\"potentialAction\":[{\"@type\":\"ReadAction\",\"target\":[\"https:\/\/chirp.co.uk\/es\/maritime\/recursos-de-seguridad\/feedback-newsletters\/\"]}]},{\"@type\":\"ImageObject\",\"inLanguage\":\"es-ES\",\"@id\":\"https:\/\/chirp.co.uk\/es\/maritime\/recursos-de-seguridad\/feedback-newsletters\/#primaryimage\",\"url\":\"https:\/\/chirp.co.uk\/app\/uploads\/2024\/08\/chirp-icon-commercial-fishing.svg\",\"contentUrl\":\"https:\/\/chirp.co.uk\/app\/uploads\/2024\/08\/chirp-icon-commercial-fishing.svg\"},{\"@type\":\"BreadcrumbList\",\"@id\":\"https:\/\/chirp.co.uk\/es\/maritime\/recursos-de-seguridad\/feedback-newsletters\/#breadcrumb\",\"itemListElement\":[{\"@type\":\"ListItem\",\"position\":1,\"name\":\"Home\",\"item\":\"https:\/\/chirp.co.uk\/es\/\"},{\"@type\":\"ListItem\",\"position\":2,\"name\":\"Mar\u00edtimo\",\"item\":\"https:\/\/chirp.co.uk\/es\/maritime\/\"},{\"@type\":\"ListItem\",\"position\":3,\"name\":\"Recursos de seguridad\",\"item\":\"https:\/\/chirp.co.uk\/es\/maritime\/recursos-de-seguridad\/\"},{\"@type\":\"ListItem\",\"position\":4,\"name\":\"COMENTARIOS Boletines\"}]},{\"@type\":\"WebSite\",\"@id\":\"https:\/\/chirp.co.uk\/es\/#website\",\"url\":\"https:\/\/chirp.co.uk\/es\/\",\"name\":\"CHIRP\",\"description\":\"Confidential Human Factors Incident Reporting Programme\",\"publisher\":{\"@id\":\"https:\/\/chirp.co.uk\/es\/#organization\"},\"potentialAction\":[{\"@type\":\"SearchAction\",\"target\":{\"@type\":\"EntryPoint\",\"urlTemplate\":\"https:\/\/chirp.co.uk\/es\/?s={search_term_string}\"},\"query-input\":{\"@type\":\"PropertyValueSpecification\",\"valueRequired\":true,\"valueName\":\"search_term_string\"}}],\"inLanguage\":\"es-ES\"},{\"@type\":\"Organization\",\"@id\":\"https:\/\/chirp.co.uk\/es\/#organization\",\"name\":\"CHIRP\",\"url\":\"https:\/\/chirp.co.uk\/es\/\",\"logo\":{\"@type\":\"ImageObject\",\"inLanguage\":\"es-ES\",\"@id\":\"https:\/\/chirp.co.uk\/es\/#\/schema\/logo\/image\/\",\"url\":\"https:\/\/chirp.co.uk\/app\/uploads\/2024\/07\/chirp-logo-blue.svg\",\"contentUrl\":\"https:\/\/chirp.co.uk\/app\/uploads\/2024\/07\/chirp-logo-blue.svg\",\"caption\":\"CHIRP\"},\"image\":{\"@id\":\"https:\/\/chirp.co.uk\/es\/#\/schema\/logo\/image\/\"}}]}<\/script>\n<!-- \/ Yoast SEO plugin. -->","yoast_head_json":{"title":"COMENTARIOS Boletines - CHIRP","robots":{"index":"index","follow":"follow","max-snippet":"max-snippet:-1","max-image-preview":"max-image-preview:large","max-video-preview":"max-video-preview:-1"},"canonical":"https:\/\/chirp.co.uk\/es\/maritime\/recursos-de-seguridad\/feedback-newsletters\/","og_locale":"es_ES","og_type":"article","og_title":"COMENTARIOS Boletines - CHIRP","og_description":"Descargue nuestras publicaciones gratuitas, v\u00eddeos y mucho m\u00e1s. Nuestra amplia biblioteca de recursos de seguridad puede proporcionarle conocimientos y perspectivas sobre los factores humanos y la seguridad en la aviaci\u00f3n y el transporte mar\u00edtimo. \u00a1Est\u00e1 un paso m\u00e1s cerca de ayudar a mejorar su cultura de la seguridad! Si su inter\u00e9s es mejorar la seguridad, [&hellip;]","og_url":"https:\/\/chirp.co.uk\/es\/maritime\/recursos-de-seguridad\/feedback-newsletters\/","og_site_name":"CHIRP","article_modified_time":"2024-08-21T10:07:26+00:00","og_image":[{"url":"https:\/\/chirp.co.uk\/app\/uploads\/2024\/08\/chirp-icon-commercial-fishing.svg","type":"","width":"","height":""}],"twitter_card":"summary_large_image","schema":{"@context":"https:\/\/schema.org","@graph":[{"@type":"WebPage","@id":"https:\/\/chirp.co.uk\/es\/maritime\/recursos-de-seguridad\/feedback-newsletters\/","url":"https:\/\/chirp.co.uk\/es\/maritime\/recursos-de-seguridad\/feedback-newsletters\/","name":"COMENTARIOS Boletines - CHIRP","isPartOf":{"@id":"https:\/\/chirp.co.uk\/es\/#website"},"primaryImageOfPage":{"@id":"https:\/\/chirp.co.uk\/es\/maritime\/recursos-de-seguridad\/feedback-newsletters\/#primaryimage"},"image":{"@id":"https:\/\/chirp.co.uk\/es\/maritime\/recursos-de-seguridad\/feedback-newsletters\/#primaryimage"},"thumbnailUrl":"https:\/\/chirp.co.uk\/app\/uploads\/2024\/08\/chirp-icon-commercial-fishing.svg","datePublished":"2024-01-10T09:47:41+00:00","dateModified":"2024-08-21T10:07:26+00:00","breadcrumb":{"@id":"https:\/\/chirp.co.uk\/es\/maritime\/recursos-de-seguridad\/feedback-newsletters\/#breadcrumb"},"inLanguage":"es-ES","potentialAction":[{"@type":"ReadAction","target":["https:\/\/chirp.co.uk\/es\/maritime\/recursos-de-seguridad\/feedback-newsletters\/"]}]},{"@type":"ImageObject","inLanguage":"es-ES","@id":"https:\/\/chirp.co.uk\/es\/maritime\/recursos-de-seguridad\/feedback-newsletters\/#primaryimage","url":"https:\/\/chirp.co.uk\/app\/uploads\/2024\/08\/chirp-icon-commercial-fishing.svg","contentUrl":"https:\/\/chirp.co.uk\/app\/uploads\/2024\/08\/chirp-icon-commercial-fishing.svg"},{"@type":"BreadcrumbList","@id":"https:\/\/chirp.co.uk\/es\/maritime\/recursos-de-seguridad\/feedback-newsletters\/#breadcrumb","itemListElement":[{"@type":"ListItem","position":1,"name":"Home","item":"https:\/\/chirp.co.uk\/es\/"},{"@type":"ListItem","position":2,"name":"Mar\u00edtimo","item":"https:\/\/chirp.co.uk\/es\/maritime\/"},{"@type":"ListItem","position":3,"name":"Recursos de seguridad","item":"https:\/\/chirp.co.uk\/es\/maritime\/recursos-de-seguridad\/"},{"@type":"ListItem","position":4,"name":"COMENTARIOS Boletines"}]},{"@type":"WebSite","@id":"https:\/\/chirp.co.uk\/es\/#website","url":"https:\/\/chirp.co.uk\/es\/","name":"CHIRP","description":"Confidential Human Factors Incident Reporting Programme","publisher":{"@id":"https:\/\/chirp.co.uk\/es\/#organization"},"potentialAction":[{"@type":"SearchAction","target":{"@type":"EntryPoint","urlTemplate":"https:\/\/chirp.co.uk\/es\/?s={search_term_string}"},"query-input":{"@type":"PropertyValueSpecification","valueRequired":true,"valueName":"search_term_string"}}],"inLanguage":"es-ES"},{"@type":"Organization","@id":"https:\/\/chirp.co.uk\/es\/#organization","name":"CHIRP","url":"https:\/\/chirp.co.uk\/es\/","logo":{"@type":"ImageObject","inLanguage":"es-ES","@id":"https:\/\/chirp.co.uk\/es\/#\/schema\/logo\/image\/","url":"https:\/\/chirp.co.uk\/app\/uploads\/2024\/07\/chirp-logo-blue.svg","contentUrl":"https:\/\/chirp.co.uk\/app\/uploads\/2024\/07\/chirp-logo-blue.svg","caption":"CHIRP"},"image":{"@id":"https:\/\/chirp.co.uk\/es\/#\/schema\/logo\/image\/"}}]}},"wpml_current_locale":"es_ES","wpml_translations":[],"mfb_rest_fields":["title","yoast_head","yoast_head_json","wpml_current_locale","wpml_translations"],"_links":{"self":[{"href":"https:\/\/chirp.co.uk\/es\/wp-json\/wp\/v2\/pages\/22509","targetHints":{"allow":["GET"]}}],"collection":[{"href":"https:\/\/chirp.co.uk\/es\/wp-json\/wp\/v2\/pages"}],"about":[{"href":"https:\/\/chirp.co.uk\/es\/wp-json\/wp\/v2\/types\/page"}],"author":[{"embeddable":true,"href":"https:\/\/chirp.co.uk\/es\/wp-json\/wp\/v2\/users\/1"}],"replies":[{"embeddable":true,"href":"https:\/\/chirp.co.uk\/es\/wp-json\/wp\/v2\/comments?post=22509"}],"version-history":[{"count":0,"href":"https:\/\/chirp.co.uk\/es\/wp-json\/wp\/v2\/pages\/22509\/revisions"}],"up":[{"embeddable":true,"href":"https:\/\/chirp.co.uk\/es\/wp-json\/wp\/v2\/pages\/27241"}],"wp:attachment":[{"href":"https:\/\/chirp.co.uk\/es\/wp-json\/wp\/v2\/media?parent=22509"}],"wp:term":[{"taxonomy":"sector","embeddable":true,"href":"https:\/\/chirp.co.uk\/es\/wp-json\/wp\/v2\/sector?post=22509"}],"curies":[{"name":"wp","href":"https:\/\/api.w.org\/{rel}","templated":true}]}}