{"id":28902,"date":"2023-07-05T13:25:20","date_gmt":"2023-07-05T12:25:20","guid":{"rendered":"https:\/\/chirp.co.uk\/maritime\/recursos-de-seguridad\/podcast-de-vistas-al-mar\/"},"modified":"2024-08-21T11:11:36","modified_gmt":"2024-08-21T10:11:36","slug":"podcast-de-vistas-al-mar","status":"publish","type":"page","link":"https:\/\/chirp.co.uk\/es\/maritime\/recursos-de-seguridad\/podcast-de-vistas-al-mar\/","title":{"rendered":"Podcast de vistas al mar"},"content":{"rendered":"\n<p>Podcast Sea Views: d\u00f3nde estamos flotando los grandes temas de la seguridad mar\u00edtima.<\/p>\n\n<p>Hablamos con expertos que invitan a la reflexi\u00f3n y con profesionales experimentados del sector mar\u00edtimo.\nCada invitado aporta su propia perspectiva sobre c\u00f3mo lograr un cambio para que todos los marinos se beneficien de una vida m\u00e1s segura y mejor en el mar.   <\/p>\n\n<p>El podcast Sea Views est\u00e1 financiado por The Seafarers&#8217; Charity.<\/p>\n\n<div id=\"buzzsprout-large-player-2148311\"><\/div>\n<script type=\"text\/javascript\" charset=\"utf-8\" src=\"https:\/\/www.buzzsprout.com\/2148311.js?container_id=buzzsprout-large-player-2148311&#038;player=large\"><\/script>\n","protected":false},"excerpt":{"rendered":"<p>Podcast Sea Views: d\u00f3nde estamos flotando los grandes temas de la seguridad mar\u00edtima. Hablamos con expertos que invitan a la reflexi\u00f3n y con profesionales experimentados del sector mar\u00edtimo. Cada invitado aporta su propia perspectiva sobre c\u00f3mo lograr un cambio para que todos los marinos se beneficien de una vida m\u00e1s segura y mejor en el [&hellip;]<\/p>\n","protected":false},"author":5,"featured_media":0,"parent":27241,"menu_order":12,"comment_status":"closed","ping_status":"closed","template":"wp-custom-template-maritime","meta":{"_acf_changed":false,"CBBTypography":[],"_monsterinsights_skip_tracking":false,"_monsterinsights_sitenote_active":false,"_monsterinsights_sitenote_note":"","_monsterinsights_sitenote_category":0,"footnotes":""},"sector":[298],"class_list":["post-28902","page","type-page","status-publish","hentry","sector-maritime-es-2"],"acf":[],"mb":[],"yoast_head":"<!-- This site is optimized with the Yoast SEO plugin v27.0 - https:\/\/yoast.com\/product\/yoast-seo-wordpress\/ -->\n<title>Podcast de vistas al mar - CHIRP<\/title>\n<meta name=\"robots\" content=\"index, follow, max-snippet:-1, max-image-preview:large, max-video-preview:-1\" \/>\n<link rel=\"canonical\" href=\"https:\/\/chirp.co.uk\/es\/maritime\/recursos-de-seguridad\/podcast-de-vistas-al-mar\/\" \/>\n<meta property=\"og:locale\" content=\"es_ES\" \/>\n<meta property=\"og:type\" content=\"article\" \/>\n<meta property=\"og:title\" content=\"Podcast de vistas al mar - CHIRP\" \/>\n<meta property=\"og:description\" content=\"Podcast Sea Views: d\u00f3nde estamos flotando los grandes temas de la seguridad mar\u00edtima. Hablamos con expertos que invitan a la reflexi\u00f3n y con profesionales experimentados del sector mar\u00edtimo. Cada invitado aporta su propia perspectiva sobre c\u00f3mo lograr un cambio para que todos los marinos se beneficien de una vida m\u00e1s segura y mejor en el [&hellip;]\" \/>\n<meta property=\"og:url\" content=\"https:\/\/chirp.co.uk\/es\/maritime\/recursos-de-seguridad\/podcast-de-vistas-al-mar\/\" \/>\n<meta property=\"og:site_name\" content=\"CHIRP\" \/>\n<meta property=\"article:modified_time\" content=\"2024-08-21T10:11:36+00:00\" \/>\n<meta name=\"twitter:card\" content=\"summary_large_image\" \/>\n<script type=\"application\/ld+json\" class=\"yoast-schema-graph\">{\"@context\":\"https:\/\/schema.org\",\"@graph\":[{\"@type\":\"WebPage\",\"@id\":\"https:\/\/chirp.co.uk\/es\/maritime\/recursos-de-seguridad\/podcast-de-vistas-al-mar\/\",\"url\":\"https:\/\/chirp.co.uk\/es\/maritime\/recursos-de-seguridad\/podcast-de-vistas-al-mar\/\",\"name\":\"Podcast de vistas al mar - CHIRP\",\"isPartOf\":{\"@id\":\"https:\/\/chirp.co.uk\/es\/#website\"},\"datePublished\":\"2023-07-05T12:25:20+00:00\",\"dateModified\":\"2024-08-21T10:11:36+00:00\",\"breadcrumb\":{\"@id\":\"https:\/\/chirp.co.uk\/es\/maritime\/recursos-de-seguridad\/podcast-de-vistas-al-mar\/#breadcrumb\"},\"inLanguage\":\"es-ES\",\"potentialAction\":[{\"@type\":\"ReadAction\",\"target\":[\"https:\/\/chirp.co.uk\/es\/maritime\/recursos-de-seguridad\/podcast-de-vistas-al-mar\/\"]}]},{\"@type\":\"BreadcrumbList\",\"@id\":\"https:\/\/chirp.co.uk\/es\/maritime\/recursos-de-seguridad\/podcast-de-vistas-al-mar\/#breadcrumb\",\"itemListElement\":[{\"@type\":\"ListItem\",\"position\":1,\"name\":\"Home\",\"item\":\"https:\/\/chirp.co.uk\/es\/\"},{\"@type\":\"ListItem\",\"position\":2,\"name\":\"Mar\u00edtimo\",\"item\":\"https:\/\/chirp.co.uk\/es\/maritime\/\"},{\"@type\":\"ListItem\",\"position\":3,\"name\":\"Recursos de seguridad\",\"item\":\"https:\/\/chirp.co.uk\/es\/maritime\/recursos-de-seguridad\/\"},{\"@type\":\"ListItem\",\"position\":4,\"name\":\"Podcast de vistas al mar\"}]},{\"@type\":\"WebSite\",\"@id\":\"https:\/\/chirp.co.uk\/es\/#website\",\"url\":\"https:\/\/chirp.co.uk\/es\/\",\"name\":\"CHIRP\",\"description\":\"Confidential Human Factors Incident Reporting Programme\",\"publisher\":{\"@id\":\"https:\/\/chirp.co.uk\/es\/#organization\"},\"potentialAction\":[{\"@type\":\"SearchAction\",\"target\":{\"@type\":\"EntryPoint\",\"urlTemplate\":\"https:\/\/chirp.co.uk\/es\/?s={search_term_string}\"},\"query-input\":{\"@type\":\"PropertyValueSpecification\",\"valueRequired\":true,\"valueName\":\"search_term_string\"}}],\"inLanguage\":\"es-ES\"},{\"@type\":\"Organization\",\"@id\":\"https:\/\/chirp.co.uk\/es\/#organization\",\"name\":\"CHIRP\",\"url\":\"https:\/\/chirp.co.uk\/es\/\",\"logo\":{\"@type\":\"ImageObject\",\"inLanguage\":\"es-ES\",\"@id\":\"https:\/\/chirp.co.uk\/es\/#\/schema\/logo\/image\/\",\"url\":\"https:\/\/chirp.co.uk\/app\/uploads\/2024\/07\/chirp-logo-blue.svg\",\"contentUrl\":\"https:\/\/chirp.co.uk\/app\/uploads\/2024\/07\/chirp-logo-blue.svg\",\"caption\":\"CHIRP\"},\"image\":{\"@id\":\"https:\/\/chirp.co.uk\/es\/#\/schema\/logo\/image\/\"}}]}<\/script>\n<!-- \/ Yoast SEO plugin. -->","yoast_head_json":{"title":"Podcast de vistas al mar - CHIRP","robots":{"index":"index","follow":"follow","max-snippet":"max-snippet:-1","max-image-preview":"max-image-preview:large","max-video-preview":"max-video-preview:-1"},"canonical":"https:\/\/chirp.co.uk\/es\/maritime\/recursos-de-seguridad\/podcast-de-vistas-al-mar\/","og_locale":"es_ES","og_type":"article","og_title":"Podcast de vistas al mar - CHIRP","og_description":"Podcast Sea Views: d\u00f3nde estamos flotando los grandes temas de la seguridad mar\u00edtima. Hablamos con expertos que invitan a la reflexi\u00f3n y con profesionales experimentados del sector mar\u00edtimo. Cada invitado aporta su propia perspectiva sobre c\u00f3mo lograr un cambio para que todos los marinos se beneficien de una vida m\u00e1s segura y mejor en el [&hellip;]","og_url":"https:\/\/chirp.co.uk\/es\/maritime\/recursos-de-seguridad\/podcast-de-vistas-al-mar\/","og_site_name":"CHIRP","article_modified_time":"2024-08-21T10:11:36+00:00","twitter_card":"summary_large_image","schema":{"@context":"https:\/\/schema.org","@graph":[{"@type":"WebPage","@id":"https:\/\/chirp.co.uk\/es\/maritime\/recursos-de-seguridad\/podcast-de-vistas-al-mar\/","url":"https:\/\/chirp.co.uk\/es\/maritime\/recursos-de-seguridad\/podcast-de-vistas-al-mar\/","name":"Podcast de vistas al mar - CHIRP","isPartOf":{"@id":"https:\/\/chirp.co.uk\/es\/#website"},"datePublished":"2023-07-05T12:25:20+00:00","dateModified":"2024-08-21T10:11:36+00:00","breadcrumb":{"@id":"https:\/\/chirp.co.uk\/es\/maritime\/recursos-de-seguridad\/podcast-de-vistas-al-mar\/#breadcrumb"},"inLanguage":"es-ES","potentialAction":[{"@type":"ReadAction","target":["https:\/\/chirp.co.uk\/es\/maritime\/recursos-de-seguridad\/podcast-de-vistas-al-mar\/"]}]},{"@type":"BreadcrumbList","@id":"https:\/\/chirp.co.uk\/es\/maritime\/recursos-de-seguridad\/podcast-de-vistas-al-mar\/#breadcrumb","itemListElement":[{"@type":"ListItem","position":1,"name":"Home","item":"https:\/\/chirp.co.uk\/es\/"},{"@type":"ListItem","position":2,"name":"Mar\u00edtimo","item":"https:\/\/chirp.co.uk\/es\/maritime\/"},{"@type":"ListItem","position":3,"name":"Recursos de seguridad","item":"https:\/\/chirp.co.uk\/es\/maritime\/recursos-de-seguridad\/"},{"@type":"ListItem","position":4,"name":"Podcast de vistas al mar"}]},{"@type":"WebSite","@id":"https:\/\/chirp.co.uk\/es\/#website","url":"https:\/\/chirp.co.uk\/es\/","name":"CHIRP","description":"Confidential Human Factors Incident Reporting Programme","publisher":{"@id":"https:\/\/chirp.co.uk\/es\/#organization"},"potentialAction":[{"@type":"SearchAction","target":{"@type":"EntryPoint","urlTemplate":"https:\/\/chirp.co.uk\/es\/?s={search_term_string}"},"query-input":{"@type":"PropertyValueSpecification","valueRequired":true,"valueName":"search_term_string"}}],"inLanguage":"es-ES"},{"@type":"Organization","@id":"https:\/\/chirp.co.uk\/es\/#organization","name":"CHIRP","url":"https:\/\/chirp.co.uk\/es\/","logo":{"@type":"ImageObject","inLanguage":"es-ES","@id":"https:\/\/chirp.co.uk\/es\/#\/schema\/logo\/image\/","url":"https:\/\/chirp.co.uk\/app\/uploads\/2024\/07\/chirp-logo-blue.svg","contentUrl":"https:\/\/chirp.co.uk\/app\/uploads\/2024\/07\/chirp-logo-blue.svg","caption":"CHIRP"},"image":{"@id":"https:\/\/chirp.co.uk\/es\/#\/schema\/logo\/image\/"}}]}},"wpml_current_locale":"es_ES","wpml_translations":[],"mfb_rest_fields":["title","yoast_head","yoast_head_json","wpml_current_locale","wpml_translations"],"_links":{"self":[{"href":"https:\/\/chirp.co.uk\/es\/wp-json\/wp\/v2\/pages\/28902","targetHints":{"allow":["GET"]}}],"collection":[{"href":"https:\/\/chirp.co.uk\/es\/wp-json\/wp\/v2\/pages"}],"about":[{"href":"https:\/\/chirp.co.uk\/es\/wp-json\/wp\/v2\/types\/page"}],"author":[{"embeddable":true,"href":"https:\/\/chirp.co.uk\/es\/wp-json\/wp\/v2\/users\/5"}],"replies":[{"embeddable":true,"href":"https:\/\/chirp.co.uk\/es\/wp-json\/wp\/v2\/comments?post=28902"}],"version-history":[{"count":0,"href":"https:\/\/chirp.co.uk\/es\/wp-json\/wp\/v2\/pages\/28902\/revisions"}],"up":[{"embeddable":true,"href":"https:\/\/chirp.co.uk\/es\/wp-json\/wp\/v2\/pages\/27241"}],"wp:attachment":[{"href":"https:\/\/chirp.co.uk\/es\/wp-json\/wp\/v2\/media?parent=28902"}],"wp:term":[{"taxonomy":"sector","embeddable":true,"href":"https:\/\/chirp.co.uk\/es\/wp-json\/wp\/v2\/sector?post=28902"}],"curies":[{"name":"wp","href":"https:\/\/api.w.org\/{rel}","templated":true}]}}