{"id":1487,"date":"2022-04-04T10:43:25","date_gmt":"2022-04-04T09:43:25","guid":{"rendered":"https:\/\/chirp.srgry.com\/maritimo\/conselho-consultivo-maritimo\/"},"modified":"2022-06-22T09:50:11","modified_gmt":"2022-06-22T09:50:11","slug":"conselho-consultivo-maritimo","status":"publish","type":"page","link":"https:\/\/chirp.co.uk\/pt-pt\/maritime\/conselho-consultivo-maritimo\/","title":{"rendered":"Conselho Consultivo Mar\u00edtimo"},"content":{"rendered":"\n<p>O Conselho Consultivo Mar\u00edtimo (MAB) fornece conhecimentos e orienta\u00e7\u00f5es ao Diretor Mar\u00edtimo na an\u00e1lise e resolu\u00e7\u00e3o de relat\u00f3rios recebidos. Os membros individuais s\u00e3o convidados a entrar no conselho de administra\u00e7\u00e3o em reconhecimento da sua experi\u00eancia num ou mais sectores mar\u00edtimos espec\u00edficos ou do seu conhecimento de fatores humanos. Os membros do MAB s\u00e3o independentes e n\u00e3o atuam como representantes das suas organiza\u00e7\u00f5es-m\u00e3e.<\/p>\n\n<p>Revemos regularmente a composi\u00e7\u00e3o do MAB para garantir que a ades\u00e3o reflete a diversidade e a amplitude do sector mar\u00edtimo.<\/p>\n","protected":false},"excerpt":{"rendered":"<p>O Conselho Consultivo Mar\u00edtimo (MAB) fornece conhecimentos e orienta\u00e7\u00f5es ao Diretor Mar\u00edtimo na an\u00e1lise e resolu\u00e7\u00e3o de relat\u00f3rios recebidos. Os membros individuais s\u00e3o convidados a entrar no conselho de administra\u00e7\u00e3o em reconhecimento da sua experi\u00eancia num ou mais sectores mar\u00edtimos espec\u00edficos ou do seu conhecimento de fatores humanos. Os membros do MAB s\u00e3o independentes e [&hellip;]<\/p>\n","protected":false},"author":1,"featured_media":0,"parent":1318,"menu_order":3,"comment_status":"closed","ping_status":"closed","template":"wp-custom-template-maritime","meta":{"_acf_changed":false,"CBBTypography":[],"_monsterinsights_skip_tracking":false,"_monsterinsights_sitenote_active":false,"_monsterinsights_sitenote_note":"","_monsterinsights_sitenote_category":0,"footnotes":""},"sector":[297],"class_list":["post-1487","page","type-page","status-publish","hentry","sector-maritime-pt-pt-2"],"acf":[],"mb":[],"yoast_head":"<!-- This site is optimized with the Yoast SEO plugin v27.0 - https:\/\/yoast.com\/product\/yoast-seo-wordpress\/ -->\n<title>Conselho Consultivo Mar\u00edtimo - CHIRP<\/title>\n<meta name=\"robots\" content=\"index, follow, max-snippet:-1, max-image-preview:large, max-video-preview:-1\" \/>\n<link rel=\"canonical\" href=\"https:\/\/chirp.co.uk\/pt-pt\/maritime\/conselho-consultivo-maritimo\/\" \/>\n<meta property=\"og:locale\" content=\"pt_PT\" \/>\n<meta property=\"og:type\" content=\"article\" \/>\n<meta property=\"og:title\" content=\"Conselho Consultivo Mar\u00edtimo - CHIRP\" \/>\n<meta property=\"og:description\" content=\"O Conselho Consultivo Mar\u00edtimo (MAB) fornece conhecimentos e orienta\u00e7\u00f5es ao Diretor Mar\u00edtimo na an\u00e1lise e resolu\u00e7\u00e3o de relat\u00f3rios recebidos. Os membros individuais s\u00e3o convidados a entrar no conselho de administra\u00e7\u00e3o em reconhecimento da sua experi\u00eancia num ou mais sectores mar\u00edtimos espec\u00edficos ou do seu conhecimento de fatores humanos. Os membros do MAB s\u00e3o independentes e [&hellip;]\" \/>\n<meta property=\"og:url\" content=\"https:\/\/chirp.co.uk\/pt-pt\/maritime\/conselho-consultivo-maritimo\/\" \/>\n<meta property=\"og:site_name\" content=\"CHIRP\" \/>\n<meta property=\"article:modified_time\" content=\"2022-06-22T09:50:11+00:00\" \/>\n<meta name=\"twitter:card\" content=\"summary_large_image\" \/>\n<meta name=\"twitter:label1\" content=\"Est. reading time\" \/>\n\t<meta name=\"twitter:data1\" content=\"1 minute\" \/>\n<script type=\"application\/ld+json\" class=\"yoast-schema-graph\">{\"@context\":\"https:\/\/schema.org\",\"@graph\":[{\"@type\":\"WebPage\",\"@id\":\"https:\/\/chirp.co.uk\/pt-pt\/maritime\/conselho-consultivo-maritimo\/\",\"url\":\"https:\/\/chirp.co.uk\/pt-pt\/maritime\/conselho-consultivo-maritimo\/\",\"name\":\"Conselho Consultivo Mar\u00edtimo - CHIRP\",\"isPartOf\":{\"@id\":\"https:\/\/chirp.co.uk\/pt-pt\/#website\"},\"datePublished\":\"2022-04-04T09:43:25+00:00\",\"dateModified\":\"2022-06-22T09:50:11+00:00\",\"breadcrumb\":{\"@id\":\"https:\/\/chirp.co.uk\/pt-pt\/maritime\/conselho-consultivo-maritimo\/#breadcrumb\"},\"inLanguage\":\"pt-PT\",\"potentialAction\":[{\"@type\":\"ReadAction\",\"target\":[\"https:\/\/chirp.co.uk\/pt-pt\/maritime\/conselho-consultivo-maritimo\/\"]}]},{\"@type\":\"BreadcrumbList\",\"@id\":\"https:\/\/chirp.co.uk\/pt-pt\/maritime\/conselho-consultivo-maritimo\/#breadcrumb\",\"itemListElement\":[{\"@type\":\"ListItem\",\"position\":1,\"name\":\"Home\",\"item\":\"https:\/\/chirp.co.uk\/pt-pt\/\"},{\"@type\":\"ListItem\",\"position\":2,\"name\":\"Mar\u00edtimo\",\"item\":\"https:\/\/chirp.co.uk\/pt-pt\/maritime\/\"},{\"@type\":\"ListItem\",\"position\":3,\"name\":\"Conselho Consultivo Mar\u00edtimo\"}]},{\"@type\":\"WebSite\",\"@id\":\"https:\/\/chirp.co.uk\/pt-pt\/#website\",\"url\":\"https:\/\/chirp.co.uk\/pt-pt\/\",\"name\":\"CHIRP\",\"description\":\"Confidential Human Factors Incident Reporting Programme\",\"publisher\":{\"@id\":\"https:\/\/chirp.co.uk\/pt-pt\/#organization\"},\"potentialAction\":[{\"@type\":\"SearchAction\",\"target\":{\"@type\":\"EntryPoint\",\"urlTemplate\":\"https:\/\/chirp.co.uk\/pt-pt\/?s={search_term_string}\"},\"query-input\":{\"@type\":\"PropertyValueSpecification\",\"valueRequired\":true,\"valueName\":\"search_term_string\"}}],\"inLanguage\":\"pt-PT\"},{\"@type\":\"Organization\",\"@id\":\"https:\/\/chirp.co.uk\/pt-pt\/#organization\",\"name\":\"CHIRP\",\"url\":\"https:\/\/chirp.co.uk\/pt-pt\/\",\"logo\":{\"@type\":\"ImageObject\",\"inLanguage\":\"pt-PT\",\"@id\":\"https:\/\/chirp.co.uk\/pt-pt\/#\/schema\/logo\/image\/\",\"url\":\"https:\/\/chirp.co.uk\/app\/uploads\/2024\/07\/chirp-logo-blue.svg\",\"contentUrl\":\"https:\/\/chirp.co.uk\/app\/uploads\/2024\/07\/chirp-logo-blue.svg\",\"caption\":\"CHIRP\"},\"image\":{\"@id\":\"https:\/\/chirp.co.uk\/pt-pt\/#\/schema\/logo\/image\/\"}}]}<\/script>\n<!-- \/ Yoast SEO plugin. -->","yoast_head_json":{"title":"Conselho Consultivo Mar\u00edtimo - CHIRP","robots":{"index":"index","follow":"follow","max-snippet":"max-snippet:-1","max-image-preview":"max-image-preview:large","max-video-preview":"max-video-preview:-1"},"canonical":"https:\/\/chirp.co.uk\/pt-pt\/maritime\/conselho-consultivo-maritimo\/","og_locale":"pt_PT","og_type":"article","og_title":"Conselho Consultivo Mar\u00edtimo - CHIRP","og_description":"O Conselho Consultivo Mar\u00edtimo (MAB) fornece conhecimentos e orienta\u00e7\u00f5es ao Diretor Mar\u00edtimo na an\u00e1lise e resolu\u00e7\u00e3o de relat\u00f3rios recebidos. Os membros individuais s\u00e3o convidados a entrar no conselho de administra\u00e7\u00e3o em reconhecimento da sua experi\u00eancia num ou mais sectores mar\u00edtimos espec\u00edficos ou do seu conhecimento de fatores humanos. Os membros do MAB s\u00e3o independentes e [&hellip;]","og_url":"https:\/\/chirp.co.uk\/pt-pt\/maritime\/conselho-consultivo-maritimo\/","og_site_name":"CHIRP","article_modified_time":"2022-06-22T09:50:11+00:00","twitter_card":"summary_large_image","twitter_misc":{"Est. reading time":"1 minute"},"schema":{"@context":"https:\/\/schema.org","@graph":[{"@type":"WebPage","@id":"https:\/\/chirp.co.uk\/pt-pt\/maritime\/conselho-consultivo-maritimo\/","url":"https:\/\/chirp.co.uk\/pt-pt\/maritime\/conselho-consultivo-maritimo\/","name":"Conselho Consultivo Mar\u00edtimo - CHIRP","isPartOf":{"@id":"https:\/\/chirp.co.uk\/pt-pt\/#website"},"datePublished":"2022-04-04T09:43:25+00:00","dateModified":"2022-06-22T09:50:11+00:00","breadcrumb":{"@id":"https:\/\/chirp.co.uk\/pt-pt\/maritime\/conselho-consultivo-maritimo\/#breadcrumb"},"inLanguage":"pt-PT","potentialAction":[{"@type":"ReadAction","target":["https:\/\/chirp.co.uk\/pt-pt\/maritime\/conselho-consultivo-maritimo\/"]}]},{"@type":"BreadcrumbList","@id":"https:\/\/chirp.co.uk\/pt-pt\/maritime\/conselho-consultivo-maritimo\/#breadcrumb","itemListElement":[{"@type":"ListItem","position":1,"name":"Home","item":"https:\/\/chirp.co.uk\/pt-pt\/"},{"@type":"ListItem","position":2,"name":"Mar\u00edtimo","item":"https:\/\/chirp.co.uk\/pt-pt\/maritime\/"},{"@type":"ListItem","position":3,"name":"Conselho Consultivo Mar\u00edtimo"}]},{"@type":"WebSite","@id":"https:\/\/chirp.co.uk\/pt-pt\/#website","url":"https:\/\/chirp.co.uk\/pt-pt\/","name":"CHIRP","description":"Confidential Human Factors Incident Reporting Programme","publisher":{"@id":"https:\/\/chirp.co.uk\/pt-pt\/#organization"},"potentialAction":[{"@type":"SearchAction","target":{"@type":"EntryPoint","urlTemplate":"https:\/\/chirp.co.uk\/pt-pt\/?s={search_term_string}"},"query-input":{"@type":"PropertyValueSpecification","valueRequired":true,"valueName":"search_term_string"}}],"inLanguage":"pt-PT"},{"@type":"Organization","@id":"https:\/\/chirp.co.uk\/pt-pt\/#organization","name":"CHIRP","url":"https:\/\/chirp.co.uk\/pt-pt\/","logo":{"@type":"ImageObject","inLanguage":"pt-PT","@id":"https:\/\/chirp.co.uk\/pt-pt\/#\/schema\/logo\/image\/","url":"https:\/\/chirp.co.uk\/app\/uploads\/2024\/07\/chirp-logo-blue.svg","contentUrl":"https:\/\/chirp.co.uk\/app\/uploads\/2024\/07\/chirp-logo-blue.svg","caption":"CHIRP"},"image":{"@id":"https:\/\/chirp.co.uk\/pt-pt\/#\/schema\/logo\/image\/"}}]}},"wpml_current_locale":"pt_PT","wpml_translations":[],"mfb_rest_fields":["title","yoast_head","yoast_head_json","wpml_current_locale","wpml_translations"],"_links":{"self":[{"href":"https:\/\/chirp.co.uk\/pt-pt\/wp-json\/wp\/v2\/pages\/1487","targetHints":{"allow":["GET"]}}],"collection":[{"href":"https:\/\/chirp.co.uk\/pt-pt\/wp-json\/wp\/v2\/pages"}],"about":[{"href":"https:\/\/chirp.co.uk\/pt-pt\/wp-json\/wp\/v2\/types\/page"}],"author":[{"embeddable":true,"href":"https:\/\/chirp.co.uk\/pt-pt\/wp-json\/wp\/v2\/users\/1"}],"replies":[{"embeddable":true,"href":"https:\/\/chirp.co.uk\/pt-pt\/wp-json\/wp\/v2\/comments?post=1487"}],"version-history":[{"count":0,"href":"https:\/\/chirp.co.uk\/pt-pt\/wp-json\/wp\/v2\/pages\/1487\/revisions"}],"up":[{"embeddable":true,"href":"https:\/\/chirp.co.uk\/pt-pt\/wp-json\/wp\/v2\/pages\/1318"}],"wp:attachment":[{"href":"https:\/\/chirp.co.uk\/pt-pt\/wp-json\/wp\/v2\/media?parent=1487"}],"wp:term":[{"taxonomy":"sector","embeddable":true,"href":"https:\/\/chirp.co.uk\/pt-pt\/wp-json\/wp\/v2\/sector?post=1487"}],"curies":[{"name":"wp","href":"https:\/\/api.w.org\/{rel}","templated":true}]}}