{"id":22502,"date":"2024-01-10T09:47:41","date_gmt":"2024-01-10T09:47:41","guid":{"rendered":"https:\/\/chirp.co.uk\/?page_id=22502"},"modified":"2025-04-03T09:42:11","modified_gmt":"2025-04-03T08:42:11","slug":"feedback-newsletters","status":"publish","type":"page","link":"https:\/\/chirp.co.uk\/pt-pt\/maritime\/recursos-de-seguranca\/feedback-newsletters\/","title":{"rendered":"FEEDBACK Boletins informativos"},"content":{"rendered":"\n<p class=\"has-aviation-blue-color has-text-color has-link-color has-medium-large-font-size wp-elements-2eed9223c0819312c9a4be0beead1143\"><strong>Descarregue gratuitamente as nossas publica\u00e7\u00f5es, v\u00eddeos e muito mais.\nA nossa vasta biblioteca de recursos de seguran\u00e7a pode fornecer-lhe conhecimentos e ideias sobre factores humanos e seguran\u00e7a na avia\u00e7\u00e3o e no transporte mar\u00edtimo.\nEst\u00e1 um passo mais perto de ajudar a melhorar a sua cultura de seguran\u00e7a!  <\/strong><\/p>\n\n\n\n<div class=\"wp-block-boldblocks-group cbb-block is-layout-flow wp-block-boldblocks-group-is-layout-flow\">\n<div class=\"wp-block-group is-layout-flex wp-container-core-group-is-layout-b371d99e wp-block-group-is-layout-flex\">\n<div class=\"wp-block-boldblocks-group cbb-block has-border-color has-maritime-blue-border-color is-layout-flow wp-block-boldblocks-group-is-layout-flow cbb-g-1 sm-cbb-width sm-cbb-height\" style=\"border-width:3px;padding-top:var(--wp--preset--spacing--30);padding-right:var(--wp--preset--spacing--10);padding-bottom:var(--wp--preset--spacing--10);padding-left:var(--wp--preset--spacing--10)\">\n<div class=\"wp-block-group is-vertical is-nowrap is-layout-flex wp-container-core-group-is-layout-bdb40f2b wp-block-group-is-layout-flex\" style=\"min-height:100%\">\n<h3 class=\"wp-block-heading has-maritime-blue-color has-text-color has-link-color wp-elements-af65c0c779603fbcd0cd676b35ea9174\"><strong>PESCA COMERCIAL<\/strong><\/h3>\n\n\n\n<div class=\"wp-block-group is-content-justification-space-between is-nowrap is-layout-flex wp-container-core-group-is-layout-22a60b39 wp-block-group-is-layout-flex\">\n<figure class=\"wp-block-image size-large is-resized\"><img loading=\"lazy\" decoding=\"async\" width=\"69\" height=\"69\" src=\"https:\/\/chirp.co.uk\/app\/uploads\/2024\/08\/chirp-icon-commercial-fishing.svg\" alt=\"\" class=\"wp-image-28562\" style=\"object-fit:cover;width:70px;height:70px\"\/><\/figure>\n\n\n\n<div class=\"wp-block-buttons is-content-justification-left is-layout-flex wp-container-core-buttons-is-layout-fc4fd283 wp-block-buttons-is-layout-flex\">\n<div class=\"wp-block-button\"><a class=\"wp-block-button__link has-base-2-color has-contrast-background-color has-text-color has-background has-link-color wp-element-button\" href=\"https:\/\/chirp.co.uk\/pt-pt\/maritime\/recursos-de-seguranca\/pesca-comercial\/\" style=\"border-radius:100px;padding-top:0.25rem;padding-right:0.75rem;padding-bottom:0.25rem;padding-left:0.75rem\"><strong>Ver tudo<\/strong><\/a><\/div>\n<\/div>\n<\/div>\n<\/div>\n<\/div>\n\n\n\n<div class=\"wp-block-boldblocks-group cbb-block has-border-color has-maritime-blue-border-color is-layout-flow wp-block-boldblocks-group-is-layout-flow cbb-g-2 sm-cbb-width sm-cbb-height\" style=\"border-width:3px;padding-top:var(--wp--preset--spacing--30);padding-right:var(--wp--preset--spacing--10);padding-bottom:var(--wp--preset--spacing--10);padding-left:var(--wp--preset--spacing--10)\">\n<div class=\"wp-block-group is-vertical is-nowrap is-layout-flex wp-container-core-group-is-layout-bdb40f2b wp-block-group-is-layout-flex\" style=\"min-height:100%\">\n<h3 class=\"wp-block-heading has-maritime-blue-color has-text-color has-link-color wp-elements-9a0eeb17be1b3f94b0e6d3e5ec9e3c8e\"><strong>MAR\u00cdTIMO GERAL<\/strong><\/h3>\n\n\n\n<div class=\"wp-block-group is-content-justification-space-between is-nowrap is-layout-flex wp-container-core-group-is-layout-22a60b39 wp-block-group-is-layout-flex\">\n<figure class=\"wp-block-image size-large is-resized\"><img loading=\"lazy\" decoding=\"async\" width=\"69\" height=\"69\" src=\"https:\/\/chirp.co.uk\/app\/uploads\/2024\/08\/chirp-icon-general-maritime.svg\" alt=\"\" class=\"wp-image-28571\" style=\"object-fit:cover;width:70px;height:70px\"\/><\/figure>\n\n\n\n<div class=\"wp-block-buttons is-content-justification-left is-layout-flex wp-container-core-buttons-is-layout-fc4fd283 wp-block-buttons-is-layout-flex\">\n<div class=\"wp-block-button\"><a class=\"wp-block-button__link has-base-2-color has-contrast-background-color has-text-color has-background has-link-color wp-element-button\" href=\"https:\/\/chirp.co.uk\/pt-pt\/maritime\/recursos-de-seguranca\/general-maritime\/\" style=\"border-radius:100px;padding-top:0.25rem;padding-right:0.75rem;padding-bottom:0.25rem;padding-left:0.75rem\"><strong>Ver tudo<\/strong><\/a><\/div>\n<\/div>\n<\/div>\n<\/div>\n<\/div>\n\n\n\n<div class=\"wp-block-boldblocks-group cbb-block has-border-color has-maritime-blue-border-color is-layout-flow wp-block-boldblocks-group-is-layout-flow cbb-g-3 sm-cbb-width sm-cbb-height\" style=\"border-width:3px;padding-top:var(--wp--preset--spacing--30);padding-right:var(--wp--preset--spacing--10);padding-bottom:var(--wp--preset--spacing--10);padding-left:var(--wp--preset--spacing--10)\">\n<div class=\"wp-block-group is-vertical is-nowrap is-layout-flex wp-container-core-group-is-layout-bdb40f2b wp-block-group-is-layout-flex\" style=\"min-height:100%\">\n<h3 class=\"wp-block-heading has-maritime-blue-color has-text-color has-link-color wp-elements-c0e3af4c8aac4a58fed1e84501c996fa\"><strong>PORTOS E PORTINHOS<\/strong><\/h3>\n\n\n\n<div class=\"wp-block-group is-content-justification-space-between is-nowrap is-layout-flex wp-container-core-group-is-layout-22a60b39 wp-block-group-is-layout-flex\">\n<figure class=\"wp-block-image size-large is-resized\"><img loading=\"lazy\" decoding=\"async\" width=\"69\" height=\"69\" src=\"https:\/\/chirp.co.uk\/app\/uploads\/2024\/08\/chirp-icon-ports-and-harbours.svg\" alt=\"\" class=\"wp-image-28579\" style=\"object-fit:cover;width:70px;height:70px\"\/><\/figure>\n\n\n\n<div class=\"wp-block-buttons is-content-justification-left is-layout-flex wp-container-core-buttons-is-layout-fc4fd283 wp-block-buttons-is-layout-flex\">\n<div class=\"wp-block-button\"><a class=\"wp-block-button__link has-base-2-color has-contrast-background-color has-text-color has-background has-link-color wp-element-button\" href=\"https:\/\/chirp.co.uk\/pt-pt\/maritime\/recursos-de-seguranca\/portos-e-portos\/\" style=\"border-radius:100px;padding-top:0.25rem;padding-right:0.75rem;padding-bottom:0.25rem;padding-left:0.75rem\"><strong>Ver tudo<\/strong><\/a><\/div>\n<\/div>\n<\/div>\n<\/div>\n<\/div>\n\n\n\n<div class=\"wp-block-boldblocks-group cbb-block has-border-color has-maritime-blue-border-color is-layout-flow wp-block-boldblocks-group-is-layout-flow cbb-g-4 sm-cbb-width sm-cbb-height\" style=\"border-width:3px;padding-top:var(--wp--preset--spacing--30);padding-right:var(--wp--preset--spacing--10);padding-bottom:var(--wp--preset--spacing--10);padding-left:var(--wp--preset--spacing--10)\">\n<div class=\"wp-block-group is-vertical is-nowrap is-layout-flex wp-container-core-group-is-layout-bdb40f2b wp-block-group-is-layout-flex\" style=\"min-height:100%\">\n<h3 class=\"wp-block-heading has-maritime-blue-color has-text-color has-link-color wp-elements-f5bdd2cfa699d96fdd6e87ecff09af1e\"><strong>SUPERYACHTS<\/strong><\/h3>\n\n\n\n<div class=\"wp-block-group is-content-justification-space-between is-nowrap is-layout-flex wp-container-core-group-is-layout-22a60b39 wp-block-group-is-layout-flex\">\n<figure class=\"wp-block-image size-large is-resized\"><img loading=\"lazy\" decoding=\"async\" width=\"69\" height=\"69\" src=\"https:\/\/chirp.co.uk\/app\/uploads\/2024\/08\/chirp-icon-superyachts.svg\" alt=\"\" class=\"wp-image-28587\" style=\"object-fit:cover;width:70px;height:70px\"\/><\/figure>\n\n\n\n<div class=\"wp-block-buttons is-content-justification-left is-layout-flex wp-container-core-buttons-is-layout-fc4fd283 wp-block-buttons-is-layout-flex\">\n<div class=\"wp-block-button\"><a class=\"wp-block-button__link has-base-2-color has-contrast-background-color has-text-color has-background has-link-color wp-element-button\" href=\"https:\/\/chirp.co.uk\/pt-pt\/maritime\/recursos-de-seguranca\/superiates\/\" style=\"border-radius:100px;padding-top:0.25rem;padding-right:0.75rem;padding-bottom:0.25rem;padding-left:0.75rem\"><strong>Ver tudo<\/strong><\/a><\/div>\n<\/div>\n<\/div>\n<\/div>\n<\/div>\n<\/div>\n<\/div>\n\n\n\n<div style=\"height:1rem\" aria-hidden=\"true\" class=\"wp-block-spacer\"><\/div>\n\n\n\n<p>Se o seu interesse \u00e9 melhorar a seguran\u00e7a, pode reimprimir ou reproduzir qualquer um dos nossos materiais, desde que cite a fonte.<\/p>\n","protected":false},"excerpt":{"rendered":"<p>Descarregue gratuitamente as nossas publica\u00e7\u00f5es, v\u00eddeos e muito mais. A nossa vasta biblioteca de recursos de seguran\u00e7a pode fornecer-lhe conhecimentos e ideias sobre factores humanos e seguran\u00e7a na avia\u00e7\u00e3o e no transporte mar\u00edtimo. Est\u00e1 um passo mais perto de ajudar a melhorar a sua cultura de seguran\u00e7a! Se o seu interesse \u00e9 melhorar a seguran\u00e7a, [&hellip;]<\/p>\n","protected":false},"author":1,"featured_media":0,"parent":29133,"menu_order":0,"comment_status":"closed","ping_status":"closed","template":"wp-custom-template-maritime","meta":{"_acf_changed":false,"CBBTypography":[],"_monsterinsights_skip_tracking":false,"_monsterinsights_sitenote_active":false,"_monsterinsights_sitenote_note":"","_monsterinsights_sitenote_category":0,"footnotes":""},"sector":[297],"class_list":["post-22502","page","type-page","status-publish","hentry","sector-maritime-pt-pt-2"],"acf":[],"mb":[],"yoast_head":"<!-- This site is optimized with the Yoast SEO plugin v27.0 - https:\/\/yoast.com\/product\/yoast-seo-wordpress\/ -->\n<title>FEEDBACK Boletins informativos - CHIRP<\/title>\n<meta name=\"robots\" content=\"index, follow, max-snippet:-1, max-image-preview:large, max-video-preview:-1\" \/>\n<link rel=\"canonical\" href=\"https:\/\/chirp.co.uk\/pt-pt\/maritime\/recursos-de-seguranca\/feedback-newsletters\/\" \/>\n<meta property=\"og:locale\" content=\"pt_PT\" \/>\n<meta property=\"og:type\" content=\"article\" \/>\n<meta property=\"og:title\" content=\"FEEDBACK Boletins informativos - CHIRP\" \/>\n<meta property=\"og:description\" content=\"Descarregue gratuitamente as nossas publica\u00e7\u00f5es, v\u00eddeos e muito mais. A nossa vasta biblioteca de recursos de seguran\u00e7a pode fornecer-lhe conhecimentos e ideias sobre factores humanos e seguran\u00e7a na avia\u00e7\u00e3o e no transporte mar\u00edtimo. Est\u00e1 um passo mais perto de ajudar a melhorar a sua cultura de seguran\u00e7a! Se o seu interesse \u00e9 melhorar a seguran\u00e7a, [&hellip;]\" \/>\n<meta property=\"og:url\" content=\"https:\/\/chirp.co.uk\/pt-pt\/maritime\/recursos-de-seguranca\/feedback-newsletters\/\" \/>\n<meta property=\"og:site_name\" content=\"CHIRP\" \/>\n<meta property=\"article:modified_time\" content=\"2025-04-03T08:42:11+00:00\" \/>\n<meta name=\"twitter:card\" content=\"summary_large_image\" \/>\n<meta name=\"twitter:label1\" content=\"Est. reading time\" \/>\n\t<meta name=\"twitter:data1\" content=\"2 minutes\" \/>\n<script type=\"application\/ld+json\" class=\"yoast-schema-graph\">{\"@context\":\"https:\/\/schema.org\",\"@graph\":[{\"@type\":\"WebPage\",\"@id\":\"https:\/\/chirp.co.uk\/pt-pt\/maritime\/recursos-de-seguranca\/feedback-newsletters\/\",\"url\":\"https:\/\/chirp.co.uk\/pt-pt\/maritime\/recursos-de-seguranca\/feedback-newsletters\/\",\"name\":\"FEEDBACK Boletins informativos - CHIRP\",\"isPartOf\":{\"@id\":\"https:\/\/chirp.co.uk\/pt-pt\/#website\"},\"primaryImageOfPage\":{\"@id\":\"https:\/\/chirp.co.uk\/pt-pt\/maritime\/recursos-de-seguranca\/feedback-newsletters\/#primaryimage\"},\"image\":{\"@id\":\"https:\/\/chirp.co.uk\/pt-pt\/maritime\/recursos-de-seguranca\/feedback-newsletters\/#primaryimage\"},\"thumbnailUrl\":\"https:\/\/chirp.co.uk\/app\/uploads\/2024\/08\/chirp-icon-commercial-fishing.svg\",\"datePublished\":\"2024-01-10T09:47:41+00:00\",\"dateModified\":\"2025-04-03T08:42:11+00:00\",\"breadcrumb\":{\"@id\":\"https:\/\/chirp.co.uk\/pt-pt\/maritime\/recursos-de-seguranca\/feedback-newsletters\/#breadcrumb\"},\"inLanguage\":\"pt-PT\",\"potentialAction\":[{\"@type\":\"ReadAction\",\"target\":[\"https:\/\/chirp.co.uk\/pt-pt\/maritime\/recursos-de-seguranca\/feedback-newsletters\/\"]}]},{\"@type\":\"ImageObject\",\"inLanguage\":\"pt-PT\",\"@id\":\"https:\/\/chirp.co.uk\/pt-pt\/maritime\/recursos-de-seguranca\/feedback-newsletters\/#primaryimage\",\"url\":\"https:\/\/chirp.co.uk\/app\/uploads\/2024\/08\/chirp-icon-commercial-fishing.svg\",\"contentUrl\":\"https:\/\/chirp.co.uk\/app\/uploads\/2024\/08\/chirp-icon-commercial-fishing.svg\"},{\"@type\":\"BreadcrumbList\",\"@id\":\"https:\/\/chirp.co.uk\/pt-pt\/maritime\/recursos-de-seguranca\/feedback-newsletters\/#breadcrumb\",\"itemListElement\":[{\"@type\":\"ListItem\",\"position\":1,\"name\":\"Home\",\"item\":\"https:\/\/chirp.co.uk\/pt-pt\/\"},{\"@type\":\"ListItem\",\"position\":2,\"name\":\"Mar\u00edtimo\",\"item\":\"https:\/\/chirp.co.uk\/pt-pt\/maritime\/\"},{\"@type\":\"ListItem\",\"position\":3,\"name\":\"Recursos de seguran\u00e7a\",\"item\":\"https:\/\/chirp.co.uk\/pt-pt\/maritime\/recursos-de-seguranca\/\"},{\"@type\":\"ListItem\",\"position\":4,\"name\":\"FEEDBACK Boletins informativos\"}]},{\"@type\":\"WebSite\",\"@id\":\"https:\/\/chirp.co.uk\/pt-pt\/#website\",\"url\":\"https:\/\/chirp.co.uk\/pt-pt\/\",\"name\":\"CHIRP\",\"description\":\"Confidential Human Factors Incident Reporting Programme\",\"publisher\":{\"@id\":\"https:\/\/chirp.co.uk\/pt-pt\/#organization\"},\"potentialAction\":[{\"@type\":\"SearchAction\",\"target\":{\"@type\":\"EntryPoint\",\"urlTemplate\":\"https:\/\/chirp.co.uk\/pt-pt\/?s={search_term_string}\"},\"query-input\":{\"@type\":\"PropertyValueSpecification\",\"valueRequired\":true,\"valueName\":\"search_term_string\"}}],\"inLanguage\":\"pt-PT\"},{\"@type\":\"Organization\",\"@id\":\"https:\/\/chirp.co.uk\/pt-pt\/#organization\",\"name\":\"CHIRP\",\"url\":\"https:\/\/chirp.co.uk\/pt-pt\/\",\"logo\":{\"@type\":\"ImageObject\",\"inLanguage\":\"pt-PT\",\"@id\":\"https:\/\/chirp.co.uk\/pt-pt\/#\/schema\/logo\/image\/\",\"url\":\"https:\/\/chirp.co.uk\/app\/uploads\/2024\/07\/chirp-logo-blue.svg\",\"contentUrl\":\"https:\/\/chirp.co.uk\/app\/uploads\/2024\/07\/chirp-logo-blue.svg\",\"caption\":\"CHIRP\"},\"image\":{\"@id\":\"https:\/\/chirp.co.uk\/pt-pt\/#\/schema\/logo\/image\/\"}}]}<\/script>\n<!-- \/ Yoast SEO plugin. -->","yoast_head_json":{"title":"FEEDBACK Boletins informativos - CHIRP","robots":{"index":"index","follow":"follow","max-snippet":"max-snippet:-1","max-image-preview":"max-image-preview:large","max-video-preview":"max-video-preview:-1"},"canonical":"https:\/\/chirp.co.uk\/pt-pt\/maritime\/recursos-de-seguranca\/feedback-newsletters\/","og_locale":"pt_PT","og_type":"article","og_title":"FEEDBACK Boletins informativos - CHIRP","og_description":"Descarregue gratuitamente as nossas publica\u00e7\u00f5es, v\u00eddeos e muito mais. A nossa vasta biblioteca de recursos de seguran\u00e7a pode fornecer-lhe conhecimentos e ideias sobre factores humanos e seguran\u00e7a na avia\u00e7\u00e3o e no transporte mar\u00edtimo. Est\u00e1 um passo mais perto de ajudar a melhorar a sua cultura de seguran\u00e7a! Se o seu interesse \u00e9 melhorar a seguran\u00e7a, [&hellip;]","og_url":"https:\/\/chirp.co.uk\/pt-pt\/maritime\/recursos-de-seguranca\/feedback-newsletters\/","og_site_name":"CHIRP","article_modified_time":"2025-04-03T08:42:11+00:00","twitter_card":"summary_large_image","twitter_misc":{"Est. reading time":"2 minutes"},"schema":{"@context":"https:\/\/schema.org","@graph":[{"@type":"WebPage","@id":"https:\/\/chirp.co.uk\/pt-pt\/maritime\/recursos-de-seguranca\/feedback-newsletters\/","url":"https:\/\/chirp.co.uk\/pt-pt\/maritime\/recursos-de-seguranca\/feedback-newsletters\/","name":"FEEDBACK Boletins informativos - CHIRP","isPartOf":{"@id":"https:\/\/chirp.co.uk\/pt-pt\/#website"},"primaryImageOfPage":{"@id":"https:\/\/chirp.co.uk\/pt-pt\/maritime\/recursos-de-seguranca\/feedback-newsletters\/#primaryimage"},"image":{"@id":"https:\/\/chirp.co.uk\/pt-pt\/maritime\/recursos-de-seguranca\/feedback-newsletters\/#primaryimage"},"thumbnailUrl":"https:\/\/chirp.co.uk\/app\/uploads\/2024\/08\/chirp-icon-commercial-fishing.svg","datePublished":"2024-01-10T09:47:41+00:00","dateModified":"2025-04-03T08:42:11+00:00","breadcrumb":{"@id":"https:\/\/chirp.co.uk\/pt-pt\/maritime\/recursos-de-seguranca\/feedback-newsletters\/#breadcrumb"},"inLanguage":"pt-PT","potentialAction":[{"@type":"ReadAction","target":["https:\/\/chirp.co.uk\/pt-pt\/maritime\/recursos-de-seguranca\/feedback-newsletters\/"]}]},{"@type":"ImageObject","inLanguage":"pt-PT","@id":"https:\/\/chirp.co.uk\/pt-pt\/maritime\/recursos-de-seguranca\/feedback-newsletters\/#primaryimage","url":"https:\/\/chirp.co.uk\/app\/uploads\/2024\/08\/chirp-icon-commercial-fishing.svg","contentUrl":"https:\/\/chirp.co.uk\/app\/uploads\/2024\/08\/chirp-icon-commercial-fishing.svg"},{"@type":"BreadcrumbList","@id":"https:\/\/chirp.co.uk\/pt-pt\/maritime\/recursos-de-seguranca\/feedback-newsletters\/#breadcrumb","itemListElement":[{"@type":"ListItem","position":1,"name":"Home","item":"https:\/\/chirp.co.uk\/pt-pt\/"},{"@type":"ListItem","position":2,"name":"Mar\u00edtimo","item":"https:\/\/chirp.co.uk\/pt-pt\/maritime\/"},{"@type":"ListItem","position":3,"name":"Recursos de seguran\u00e7a","item":"https:\/\/chirp.co.uk\/pt-pt\/maritime\/recursos-de-seguranca\/"},{"@type":"ListItem","position":4,"name":"FEEDBACK Boletins informativos"}]},{"@type":"WebSite","@id":"https:\/\/chirp.co.uk\/pt-pt\/#website","url":"https:\/\/chirp.co.uk\/pt-pt\/","name":"CHIRP","description":"Confidential Human Factors Incident Reporting Programme","publisher":{"@id":"https:\/\/chirp.co.uk\/pt-pt\/#organization"},"potentialAction":[{"@type":"SearchAction","target":{"@type":"EntryPoint","urlTemplate":"https:\/\/chirp.co.uk\/pt-pt\/?s={search_term_string}"},"query-input":{"@type":"PropertyValueSpecification","valueRequired":true,"valueName":"search_term_string"}}],"inLanguage":"pt-PT"},{"@type":"Organization","@id":"https:\/\/chirp.co.uk\/pt-pt\/#organization","name":"CHIRP","url":"https:\/\/chirp.co.uk\/pt-pt\/","logo":{"@type":"ImageObject","inLanguage":"pt-PT","@id":"https:\/\/chirp.co.uk\/pt-pt\/#\/schema\/logo\/image\/","url":"https:\/\/chirp.co.uk\/app\/uploads\/2024\/07\/chirp-logo-blue.svg","contentUrl":"https:\/\/chirp.co.uk\/app\/uploads\/2024\/07\/chirp-logo-blue.svg","caption":"CHIRP"},"image":{"@id":"https:\/\/chirp.co.uk\/pt-pt\/#\/schema\/logo\/image\/"}}]}},"wpml_current_locale":"pt_PT","wpml_translations":[],"mfb_rest_fields":["title","yoast_head","yoast_head_json","wpml_current_locale","wpml_translations"],"_links":{"self":[{"href":"https:\/\/chirp.co.uk\/pt-pt\/wp-json\/wp\/v2\/pages\/22502","targetHints":{"allow":["GET"]}}],"collection":[{"href":"https:\/\/chirp.co.uk\/pt-pt\/wp-json\/wp\/v2\/pages"}],"about":[{"href":"https:\/\/chirp.co.uk\/pt-pt\/wp-json\/wp\/v2\/types\/page"}],"author":[{"embeddable":true,"href":"https:\/\/chirp.co.uk\/pt-pt\/wp-json\/wp\/v2\/users\/1"}],"replies":[{"embeddable":true,"href":"https:\/\/chirp.co.uk\/pt-pt\/wp-json\/wp\/v2\/comments?post=22502"}],"version-history":[{"count":1,"href":"https:\/\/chirp.co.uk\/pt-pt\/wp-json\/wp\/v2\/pages\/22502\/revisions"}],"predecessor-version":[{"id":33090,"href":"https:\/\/chirp.co.uk\/pt-pt\/wp-json\/wp\/v2\/pages\/22502\/revisions\/33090"}],"up":[{"embeddable":true,"href":"https:\/\/chirp.co.uk\/pt-pt\/wp-json\/wp\/v2\/pages\/29133"}],"wp:attachment":[{"href":"https:\/\/chirp.co.uk\/pt-pt\/wp-json\/wp\/v2\/media?parent=22502"}],"wp:term":[{"taxonomy":"sector","embeddable":true,"href":"https:\/\/chirp.co.uk\/pt-pt\/wp-json\/wp\/v2\/sector?post=22502"}],"curies":[{"name":"wp","href":"https:\/\/api.w.org\/{rel}","templated":true}]}}