{"id":28904,"date":"2023-07-05T13:25:20","date_gmt":"2023-07-05T12:25:20","guid":{"rendered":"https:\/\/chirp.co.uk\/podcast-vistas-do-mar\/"},"modified":"2024-08-22T09:07:23","modified_gmt":"2024-08-22T08:07:23","slug":"podcast-vistas-do-mar","status":"publish","type":"page","link":"https:\/\/chirp.co.uk\/pt-pt\/maritime\/recursos-de-seguranca\/podcast-vistas-do-mar\/","title":{"rendered":"Podcast Vistas do mar"},"content":{"rendered":"\n<p>Podcast &#8220;Sea Views&#8221;: onde estamos a flutuar as grandes quest\u00f5es da seguran\u00e7a mar\u00edtima.<\/p>\n\n<p>Falamos com especialistas e profissionais experientes do sector mar\u00edtimo.\nCada convidado traz a sua pr\u00f3pria perspetiva sobre a forma de promover a mudan\u00e7a para que todos os mar\u00edtimos beneficiem de uma vida mais segura e melhor no mar.   <\/p>\n\n<p>O podcast Sea Views \u00e9 financiado pela The Seafarers&#8217; Charity.<\/p>\n\n<div id=\"buzzsprout-large-player-2148311\"><\/div>\n<script type=\"text\/javascript\" charset=\"utf-8\" src=\"https:\/\/www.buzzsprout.com\/2148311.js?container_id=buzzsprout-large-player-2148311&#038;player=large\"><\/script>\n","protected":false},"excerpt":{"rendered":"<p>Podcast &#8220;Sea Views&#8221;: onde estamos a flutuar as grandes quest\u00f5es da seguran\u00e7a mar\u00edtima. Falamos com especialistas e profissionais experientes do sector mar\u00edtimo. Cada convidado traz a sua pr\u00f3pria perspetiva sobre a forma de promover a mudan\u00e7a para que todos os mar\u00edtimos beneficiem de uma vida mais segura e melhor no mar. O podcast Sea Views [&hellip;]<\/p>\n","protected":false},"author":5,"featured_media":0,"parent":29133,"menu_order":12,"comment_status":"closed","ping_status":"closed","template":"wp-custom-template-maritime","meta":{"_acf_changed":false,"CBBTypography":[],"_monsterinsights_skip_tracking":false,"_monsterinsights_sitenote_active":false,"_monsterinsights_sitenote_note":"","_monsterinsights_sitenote_category":0,"footnotes":""},"sector":[297],"class_list":["post-28904","page","type-page","status-publish","hentry","sector-maritime-pt-pt-2"],"acf":[],"mb":[],"yoast_head":"<!-- This site is optimized with the Yoast SEO plugin v27.0 - https:\/\/yoast.com\/product\/yoast-seo-wordpress\/ -->\n<title>Podcast Vistas do mar - CHIRP<\/title>\n<meta name=\"robots\" content=\"index, follow, max-snippet:-1, max-image-preview:large, max-video-preview:-1\" \/>\n<link rel=\"canonical\" href=\"https:\/\/chirp.co.uk\/pt-pt\/maritime\/recursos-de-seguranca\/podcast-vistas-do-mar\/\" \/>\n<meta property=\"og:locale\" content=\"pt_PT\" \/>\n<meta property=\"og:type\" content=\"article\" \/>\n<meta property=\"og:title\" content=\"Podcast Vistas do mar - CHIRP\" \/>\n<meta property=\"og:description\" content=\"Podcast &#8220;Sea Views&#8221;: onde estamos a flutuar as grandes quest\u00f5es da seguran\u00e7a mar\u00edtima. Falamos com especialistas e profissionais experientes do sector mar\u00edtimo. Cada convidado traz a sua pr\u00f3pria perspetiva sobre a forma de promover a mudan\u00e7a para que todos os mar\u00edtimos beneficiem de uma vida mais segura e melhor no mar. O podcast Sea Views [&hellip;]\" \/>\n<meta property=\"og:url\" content=\"https:\/\/chirp.co.uk\/pt-pt\/maritime\/recursos-de-seguranca\/podcast-vistas-do-mar\/\" \/>\n<meta property=\"og:site_name\" content=\"CHIRP\" \/>\n<meta property=\"article:modified_time\" content=\"2024-08-22T08:07:23+00:00\" \/>\n<meta name=\"twitter:card\" content=\"summary_large_image\" \/>\n<script type=\"application\/ld+json\" class=\"yoast-schema-graph\">{\"@context\":\"https:\/\/schema.org\",\"@graph\":[{\"@type\":\"WebPage\",\"@id\":\"https:\/\/chirp.co.uk\/pt-pt\/maritime\/recursos-de-seguranca\/podcast-vistas-do-mar\/\",\"url\":\"https:\/\/chirp.co.uk\/pt-pt\/maritime\/recursos-de-seguranca\/podcast-vistas-do-mar\/\",\"name\":\"Podcast Vistas do mar - CHIRP\",\"isPartOf\":{\"@id\":\"https:\/\/chirp.co.uk\/pt-pt\/#website\"},\"datePublished\":\"2023-07-05T12:25:20+00:00\",\"dateModified\":\"2024-08-22T08:07:23+00:00\",\"breadcrumb\":{\"@id\":\"https:\/\/chirp.co.uk\/pt-pt\/maritime\/recursos-de-seguranca\/podcast-vistas-do-mar\/#breadcrumb\"},\"inLanguage\":\"pt-PT\",\"potentialAction\":[{\"@type\":\"ReadAction\",\"target\":[\"https:\/\/chirp.co.uk\/pt-pt\/maritime\/recursos-de-seguranca\/podcast-vistas-do-mar\/\"]}]},{\"@type\":\"BreadcrumbList\",\"@id\":\"https:\/\/chirp.co.uk\/pt-pt\/maritime\/recursos-de-seguranca\/podcast-vistas-do-mar\/#breadcrumb\",\"itemListElement\":[{\"@type\":\"ListItem\",\"position\":1,\"name\":\"Home\",\"item\":\"https:\/\/chirp.co.uk\/pt-pt\/\"},{\"@type\":\"ListItem\",\"position\":2,\"name\":\"Mar\u00edtimo\",\"item\":\"https:\/\/chirp.co.uk\/pt-pt\/maritime\/\"},{\"@type\":\"ListItem\",\"position\":3,\"name\":\"Recursos de seguran\u00e7a\",\"item\":\"https:\/\/chirp.co.uk\/pt-pt\/maritime\/recursos-de-seguranca\/\"},{\"@type\":\"ListItem\",\"position\":4,\"name\":\"Podcast Vistas do mar\"}]},{\"@type\":\"WebSite\",\"@id\":\"https:\/\/chirp.co.uk\/pt-pt\/#website\",\"url\":\"https:\/\/chirp.co.uk\/pt-pt\/\",\"name\":\"CHIRP\",\"description\":\"Confidential Human Factors Incident Reporting Programme\",\"publisher\":{\"@id\":\"https:\/\/chirp.co.uk\/pt-pt\/#organization\"},\"potentialAction\":[{\"@type\":\"SearchAction\",\"target\":{\"@type\":\"EntryPoint\",\"urlTemplate\":\"https:\/\/chirp.co.uk\/pt-pt\/?s={search_term_string}\"},\"query-input\":{\"@type\":\"PropertyValueSpecification\",\"valueRequired\":true,\"valueName\":\"search_term_string\"}}],\"inLanguage\":\"pt-PT\"},{\"@type\":\"Organization\",\"@id\":\"https:\/\/chirp.co.uk\/pt-pt\/#organization\",\"name\":\"CHIRP\",\"url\":\"https:\/\/chirp.co.uk\/pt-pt\/\",\"logo\":{\"@type\":\"ImageObject\",\"inLanguage\":\"pt-PT\",\"@id\":\"https:\/\/chirp.co.uk\/pt-pt\/#\/schema\/logo\/image\/\",\"url\":\"https:\/\/chirp.co.uk\/app\/uploads\/2024\/07\/chirp-logo-blue.svg\",\"contentUrl\":\"https:\/\/chirp.co.uk\/app\/uploads\/2024\/07\/chirp-logo-blue.svg\",\"caption\":\"CHIRP\"},\"image\":{\"@id\":\"https:\/\/chirp.co.uk\/pt-pt\/#\/schema\/logo\/image\/\"}}]}<\/script>\n<!-- \/ Yoast SEO plugin. -->","yoast_head_json":{"title":"Podcast Vistas do mar - CHIRP","robots":{"index":"index","follow":"follow","max-snippet":"max-snippet:-1","max-image-preview":"max-image-preview:large","max-video-preview":"max-video-preview:-1"},"canonical":"https:\/\/chirp.co.uk\/pt-pt\/maritime\/recursos-de-seguranca\/podcast-vistas-do-mar\/","og_locale":"pt_PT","og_type":"article","og_title":"Podcast Vistas do mar - CHIRP","og_description":"Podcast &#8220;Sea Views&#8221;: onde estamos a flutuar as grandes quest\u00f5es da seguran\u00e7a mar\u00edtima. Falamos com especialistas e profissionais experientes do sector mar\u00edtimo. Cada convidado traz a sua pr\u00f3pria perspetiva sobre a forma de promover a mudan\u00e7a para que todos os mar\u00edtimos beneficiem de uma vida mais segura e melhor no mar. O podcast Sea Views [&hellip;]","og_url":"https:\/\/chirp.co.uk\/pt-pt\/maritime\/recursos-de-seguranca\/podcast-vistas-do-mar\/","og_site_name":"CHIRP","article_modified_time":"2024-08-22T08:07:23+00:00","twitter_card":"summary_large_image","schema":{"@context":"https:\/\/schema.org","@graph":[{"@type":"WebPage","@id":"https:\/\/chirp.co.uk\/pt-pt\/maritime\/recursos-de-seguranca\/podcast-vistas-do-mar\/","url":"https:\/\/chirp.co.uk\/pt-pt\/maritime\/recursos-de-seguranca\/podcast-vistas-do-mar\/","name":"Podcast Vistas do mar - CHIRP","isPartOf":{"@id":"https:\/\/chirp.co.uk\/pt-pt\/#website"},"datePublished":"2023-07-05T12:25:20+00:00","dateModified":"2024-08-22T08:07:23+00:00","breadcrumb":{"@id":"https:\/\/chirp.co.uk\/pt-pt\/maritime\/recursos-de-seguranca\/podcast-vistas-do-mar\/#breadcrumb"},"inLanguage":"pt-PT","potentialAction":[{"@type":"ReadAction","target":["https:\/\/chirp.co.uk\/pt-pt\/maritime\/recursos-de-seguranca\/podcast-vistas-do-mar\/"]}]},{"@type":"BreadcrumbList","@id":"https:\/\/chirp.co.uk\/pt-pt\/maritime\/recursos-de-seguranca\/podcast-vistas-do-mar\/#breadcrumb","itemListElement":[{"@type":"ListItem","position":1,"name":"Home","item":"https:\/\/chirp.co.uk\/pt-pt\/"},{"@type":"ListItem","position":2,"name":"Mar\u00edtimo","item":"https:\/\/chirp.co.uk\/pt-pt\/maritime\/"},{"@type":"ListItem","position":3,"name":"Recursos de seguran\u00e7a","item":"https:\/\/chirp.co.uk\/pt-pt\/maritime\/recursos-de-seguranca\/"},{"@type":"ListItem","position":4,"name":"Podcast Vistas do mar"}]},{"@type":"WebSite","@id":"https:\/\/chirp.co.uk\/pt-pt\/#website","url":"https:\/\/chirp.co.uk\/pt-pt\/","name":"CHIRP","description":"Confidential Human Factors Incident Reporting Programme","publisher":{"@id":"https:\/\/chirp.co.uk\/pt-pt\/#organization"},"potentialAction":[{"@type":"SearchAction","target":{"@type":"EntryPoint","urlTemplate":"https:\/\/chirp.co.uk\/pt-pt\/?s={search_term_string}"},"query-input":{"@type":"PropertyValueSpecification","valueRequired":true,"valueName":"search_term_string"}}],"inLanguage":"pt-PT"},{"@type":"Organization","@id":"https:\/\/chirp.co.uk\/pt-pt\/#organization","name":"CHIRP","url":"https:\/\/chirp.co.uk\/pt-pt\/","logo":{"@type":"ImageObject","inLanguage":"pt-PT","@id":"https:\/\/chirp.co.uk\/pt-pt\/#\/schema\/logo\/image\/","url":"https:\/\/chirp.co.uk\/app\/uploads\/2024\/07\/chirp-logo-blue.svg","contentUrl":"https:\/\/chirp.co.uk\/app\/uploads\/2024\/07\/chirp-logo-blue.svg","caption":"CHIRP"},"image":{"@id":"https:\/\/chirp.co.uk\/pt-pt\/#\/schema\/logo\/image\/"}}]}},"wpml_current_locale":"pt_PT","wpml_translations":[],"mfb_rest_fields":["title","yoast_head","yoast_head_json","wpml_current_locale","wpml_translations"],"_links":{"self":[{"href":"https:\/\/chirp.co.uk\/pt-pt\/wp-json\/wp\/v2\/pages\/28904","targetHints":{"allow":["GET"]}}],"collection":[{"href":"https:\/\/chirp.co.uk\/pt-pt\/wp-json\/wp\/v2\/pages"}],"about":[{"href":"https:\/\/chirp.co.uk\/pt-pt\/wp-json\/wp\/v2\/types\/page"}],"author":[{"embeddable":true,"href":"https:\/\/chirp.co.uk\/pt-pt\/wp-json\/wp\/v2\/users\/5"}],"replies":[{"embeddable":true,"href":"https:\/\/chirp.co.uk\/pt-pt\/wp-json\/wp\/v2\/comments?post=28904"}],"version-history":[{"count":0,"href":"https:\/\/chirp.co.uk\/pt-pt\/wp-json\/wp\/v2\/pages\/28904\/revisions"}],"up":[{"embeddable":true,"href":"https:\/\/chirp.co.uk\/pt-pt\/wp-json\/wp\/v2\/pages\/29133"}],"wp:attachment":[{"href":"https:\/\/chirp.co.uk\/pt-pt\/wp-json\/wp\/v2\/media?parent=28904"}],"wp:term":[{"taxonomy":"sector","embeddable":true,"href":"https:\/\/chirp.co.uk\/pt-pt\/wp-json\/wp\/v2\/sector?post=28904"}],"curies":[{"name":"wp","href":"https:\/\/api.w.org\/{rel}","templated":true}]}}